{"id":5163,"date":"2020-06-01T22:54:56","date_gmt":"2020-06-02T01:54:56","guid":{"rendered":"https:\/\/ensperu-cba.infd.edu.ar\/sitio\/?page_id=5163"},"modified":"2022-07-28T18:15:51","modified_gmt":"2022-07-28T21:15:51","slug":"convocatorias","status":"publish","type":"page","link":"https:\/\/ensperu-cba.infd.edu.ar\/sitio\/convocatorias\/","title":{"rendered":"CONVOCATORIAS"},"content":{"rendered":"<h1 dir=\"auto\">\u00a0<\/h1>\n<div dir=\"auto\">\u00a0<\/div>\n<div dir=\"auto\">\u00a0<\/div>\n<div dir=\"auto\"><span style=\"color: #ff00ff;\"><strong>CONVOCATORIAS I<\/strong><\/span><\/div>\n<div dir=\"auto\">\u00a0<\/div>\n<div dir=\"auto\">\u00a0<\/div>\n<div dir=\"auto\">\n<p><strong>Instituci\u00f3n<\/strong>: Escuela Normal Superior Rep\u00fablica del Per\u00fa.<b><\/b><\/p>\n<\/div>\n<p><strong>Carrera:<\/strong>Profesorado de Educaci\u00f3n Inicial 687197716<\/p>\n<p><strong>\u00a0<\/strong><strong>Espacio Curricular: Problem\u00e1ticas socio antropol\u00f3gicas en educaci\u00f3n<\/strong><\/p>\n<p><strong>(C\u00f3digo: A76036)<\/strong><\/p>\n<p><strong>\u00a0<\/strong><strong>Car\u00e1cter: <\/strong>suplente<\/p>\n<p><strong>\u00a0<\/strong><strong>Curso: P<\/strong>rimero\u00a0 \u00a0<strong>Divisi\u00f3n:<\/strong> \u00fanica<\/p>\n<p><strong>\u00a0<\/strong><strong>Carga Horaria:<\/strong>3 horas + 1 hora de taller integrador<\/p>\n<p><strong>\u00a0<\/strong><strong>D\u00edas y horarios de desempe\u00f1o:<\/strong><\/p>\n<p>Lunes de 20.30 hs a 21.10 hs; 21.15hs a 21.55hs: 21.55 hs a 22.35<\/p>\n<p><strong>\u00a0<\/strong><strong>Causal de la vacante: <\/strong>enfermedad largo tratamiento<\/p>\n<p><strong>\u00a0<\/strong><strong>P\u00e1gina web: <\/strong><a href=\"https:\/\/ensperu-cba.infd.edu.ar\/sitio\/\">https:\/\/ensperu-cba.infd.edu.ar\/sitio\/<\/a><\/p>\n<p><strong>\u00a0<\/strong><strong>Correo electr\u00f3nico: <\/strong><a href=\"mailto:ens.republicadelperu@gmail.com\">ens.republicadelperu@gmail.com<\/a><\/p>\n<p><strong>\u00a0<\/strong><strong>Correo institucional: <\/strong><a href=\"mailto:ee0330336@me.cba.gov.ar\">ee0330336@me.cba.gov.ar<\/a>\u00a0<\/p>\n<p>\u00a0<\/p>\n<div dir=\"auto\"><span style=\"color: #ff00ff;\"><strong>CONVOCATORIAS II<\/strong><\/span><\/div>\n<div dir=\"auto\">\u00a0<\/div>\n<div dir=\"auto\">\n<p><strong>Carrera:\u00a0 <\/strong>Profesorado de Educaci\u00f3n Inicial 687197716<\/p>\n<p><strong>\u00a0<\/strong><strong>Espacio Curricular:<\/strong> PR\u00c1CTICA DOCENTE III Y RESIDENCIA- RECREAR LAS PR\u00c1CTICAS DOCENTES\/ SEMINARIO \/ <strong>(C\u00f3digo: A-77249)<\/strong><\/p>\n<p><strong>\u00a0<\/strong><strong>Car\u00e1cter:<\/strong>Suplente<\/p>\n<p><strong>\u00a0<\/strong><strong>Curso: T<\/strong>ercero\u00a0 <strong>Divisi\u00f3n:<\/strong> \u00fanica<\/p>\n<p><strong>\u00a0<\/strong><strong>Carga Horaria:<\/strong>8 horas<\/p>\n<p><strong>\u00a0<\/strong><strong>D\u00edas y horarios de desempe\u00f1o:<\/strong><\/p>\n<p>Martes de 19.10 hs a 19.40 hs; 19.50 hs a 20.30 hs; 20.30 hs a 21.10; de 21.15 hs a 21.55 hs; de 21.55 hs a 22.35 hs<\/p>\n<p>Jueves de 20.30 hs a 21.10 hs; 21.15 hs a 21.55 hs; de 21.55 hs a 22.35 hs<\/p>\n<p><strong>Causal de la vacante:<\/strong>licencia anual docente por jubilaci\u00f3n del agente<\/p>\n<p><strong>\u00a0<\/strong><strong>P\u00e1gina web: <\/strong><a href=\"https:\/\/ensperu-cba.infd.edu.ar\/sitio\/\">https:\/\/ensperu-cba.infd.edu.ar\/sitio\/<\/a><\/p>\n<p><strong>\u00a0<\/strong><strong>Correo electr\u00f3nico: <\/strong><a href=\"mailto:ens.republicadelperu@gmail.com\">ens.republicadelperu@gmail.com<\/a><\/p>\n<p><strong>\u00a0<\/strong><strong>Correo institucional: <\/strong><a href=\"mailto:ee0330336@me.cba.gov.ar\">ee0330336@me.cba.gov.ar<\/a><\/p>\n<p><strong>\u00a0<\/strong><strong>Fecha de autorizaci\u00f3n: del 28 de julio al 1 de agosto<\/strong><\/p>\n<p>La modalidad de cursado es mixta, siendo tres semanas presenciales en horario reducido y la cuarta remota. Los horarios se adecuan seg\u00fan modalidad de cursado.<\/p>\n<p>\u00a0<\/p>\n<\/div>\n<p><span style=\"color: #ff00ff;\"><strong> CONVOCATORIAS III<\/strong><\/span><\/p>\n<p><strong>Carrera: <\/strong>Profesorado de Educaci\u00f3n Inicial 687197716<\/p>\n<p><strong>\u00a0<\/strong><strong>Espacio Curricular:<\/strong> PR\u00c1CTICA DOCENTE IV\u00a0 Y RESIDENCIA- RECREAR LAS PR\u00c1CTICAS DOCENTES\/ SEMINARIO \/ <strong>(C\u00f3digo: A-77929)<\/strong><\/p>\n<p><strong>\u00a0<\/strong><strong>Car\u00e1cter: <\/strong>Suplente<\/p>\n<p><strong>\u00a0<\/strong><strong>Curso: <\/strong>Cuarto\u00a0\u00a0\u00a0 <strong>Divisi\u00f3n:<\/strong> \u00fanica<\/p>\n<p><strong>\u00a0<\/strong><strong>Carga Horaria: <\/strong>10 horas<\/p>\n<p><strong>\u00a0<\/strong><strong>D\u00edas y horarios de desempe\u00f1o:<\/strong><\/p>\n<p>Martes de 17.40 hs a 18.20hs; de 18.30 hs a 19.10 hs<\/p>\n<p>Jueves de 17.00 hs a 17.40 hs; de 17.40 hs a 18.20hs; de 18.30 hs a 19.10 hs; 19.10 hs a 19.40 hs; 19.50 hs a 20.30 hs; 20.30 hs a 21.10; de 21.15 hs a 21.55 hs; de 21.55 hs a 22.35 hs<\/p>\n<p><strong>\u00a0<\/strong><strong>Causal de la vacante:<\/strong>licencia anual docente por jubilaci\u00f3n del agente<\/p>\n<p><strong>\u00a0<\/strong><strong>P\u00e1gina web: <\/strong><a href=\"https:\/\/ensperu-cba.infd.edu.ar\/sitio\/\">https:\/\/ensperu-cba.infd.edu.ar\/sitio\/<\/a><\/p>\n<p><strong>\u00a0<\/strong><strong>Correo electr\u00f3nico: <\/strong><a href=\"mailto:ens.republicadelperu@gmail.com\">ens.republicadelperu@gmail.com<\/a><\/p>\n<p><strong>\u00a0<\/strong><strong>Correo institucional: <\/strong><a href=\"mailto:ee0330336@me.cba.gov.ar\">ee0330336@me.cba.gov.ar<\/a><\/p>\n<p><strong>\u00a0<\/strong><strong>Fecha de autorizaci\u00f3n: del 28 de julio al 1 de agosto<\/strong><\/p>\n<p>La modalidad de cursado es mixta, siendo tres semanas presenciales en horario reducido y la cuarta remota. Los horarios se adecuan seg\u00fan modalidad de cursado.<\/p>\n<p>\u00a0<\/p>\n<p><span style=\"color: #ff00ff;\"><strong>CONVOCATORIAS IV<\/strong><\/span><\/p>\n<p><strong>Carrera :<\/strong>Profesorado de Educaci\u00f3n Secundaria en Qu\u00edmica 687197985<\/p>\n<p>Profesorado de Educaci\u00f3n Secundaria en F\u00edsica 687197984<\/p>\n<p><strong>TRONCO COM\u00daN<\/strong><\/p>\n<p><strong>\u00a0<\/strong><strong>Espacio Curricular:<\/strong>Producci\u00f3n Cient\u00edfica y Sociedad <strong>(A-77616)<\/strong><\/p>\n<p><strong>\u00a0<\/strong><strong>Car\u00e1cter:<\/strong> Interino<\/p>\n<p><strong>\u00a0<\/strong><strong>Curso: <\/strong>Primero\u00a0 \u00a0 <strong>Divisi\u00f3n:<\/strong> \u00fanica<\/p>\n<p><strong>\u00a0<\/strong><strong>Carga Horaria:<\/strong>4 horas<\/p>\n<p><strong>\u00a0<\/strong><strong>D\u00edas y horarios de desempe\u00f1o:<\/strong><\/p>\n<p>Viernes de 17.00 hs a 17.40 hs; 17.40 hs a 18.20 hs; 18.30 hs a 19.10 hs; 19.10 hs a 19.50 hs<\/p>\n<p><strong>\u00a0<\/strong><strong>Causal de la vacante:<\/strong> renuncia del agente<\/p>\n<p><strong>\u00a0<\/strong><strong>P\u00e1gina web: <\/strong><a href=\"https:\/\/ensperu-cba.infd.edu.ar\/sitio\/\">https:\/\/ensperu-cba.infd.edu.ar\/sitio\/<\/a><\/p>\n<p><strong>\u00a0<\/strong><strong>Correo electr\u00f3nico: <\/strong><a href=\"mailto:ens.republicadelperu@gmail.com\">ens.republicadelperu@gmail.com<\/a><\/p>\n<p><strong>\u00a0<\/strong><strong>Correo institucional: <\/strong><a href=\"mailto:ee0330336@me.cba.gov.ar\">ee0330336@me.cba.gov.ar<\/a><\/p>\n<p><strong>\u00a0<\/strong><strong>Fecha de autorizaci\u00f3n: del 28 de julio al 1 de agosto<\/strong><\/p>\n<p><strong>\u00a0<\/strong><\/p>\n<p>\u00a0<\/p>\n<p>La modalidad de cursado es mixta, siendo tres semanas presenciales en horario reducido y la cuarta remota. Los horarios se adecuan seg\u00fan modalidad de cursado<\/p>\n<div>Ingresar por el link de acceso a la p\u00e1gina de DGES donde se indica como hacer para inscribirse a las convocatorias, resoluci\u00f3n vigente, modelo de CV y proyecto a presentar:<\/div>\n<div>\u00a0<\/div>\n<div>http:\/\/dges-cba.edu.ar\/wp\/index.php\/convocatorias-a-horas-catedra-acceso-a-aspirantes\/\u00a0\u00a0<\/div>\n<div>\u00a0<\/div>\n<div>Instructivo:\u00a0<\/div>\n<div>https:\/\/youtu.be\/VJsGIoRn2dE<\/div>\n<div>\u00a0<\/div>\n<div><strong>\u00a0 \u00a0 \u00a0 \u00a0 \u00a0 \u00a0 \u00a0 \u00a0 \u00a0 \u00a0 \u00a0 \u00a0 \u00a0 \u00a0 \u00a0 \u00a0 \u00a0 &#8212;&#8212;&#8212;&#8212;&#8212;&#8212;&#8212;&#8212;&#8212;&#8212;&#8212;&#8212;&#8212;&#8212;&#8212;&#8212;<\/strong><\/div>\n\n\n<p><\/p>\n","protected":false},"excerpt":{"rendered":"<p>\u00a0 \u00a0 \u00a0 CONVOCATORIAS I \u00a0 \u00a0 Instituci\u00f3n: Escuela Normal Superior Rep\u00fablica del Per\u00fa. Carrera:Profesorado de Educaci\u00f3n Inicial 687197716 \u00a0Espacio Curricular: Problem\u00e1ticas socio antropol\u00f3gicas en educaci\u00f3n (C\u00f3digo: A76036) \u00a0Car\u00e1cter: suplente \u00a0Curso: Primero\u00a0 \u00a0Divisi\u00f3n: \u00fanica \u00a0Carga Horaria:3 horas + 1 hora de taller integrador \u00a0D\u00edas y horarios de desempe\u00f1o: Lunes de 20.30 hs a 21.10 hs; &#8230; <a title=\"CONVOCATORIAS\" class=\"read-more\" href=\"https:\/\/ensperu-cba.infd.edu.ar\/sitio\/convocatorias\/\" aria-label=\"More on CONVOCATORIAS\">[+]<\/a><\/p>\n","protected":false},"author":455,"featured_media":0,"parent":0,"menu_order":0,"comment_status":"closed","ping_status":"closed","template":"","meta":[],"acf":[],"_links":{"self":[{"href":"https:\/\/ensperu-cba.infd.edu.ar\/sitio\/wp-json\/wp\/v2\/pages\/5163"}],"collection":[{"href":"https:\/\/ensperu-cba.infd.edu.ar\/sitio\/wp-json\/wp\/v2\/pages"}],"about":[{"href":"https:\/\/ensperu-cba.infd.edu.ar\/sitio\/wp-json\/wp\/v2\/types\/page"}],"author":[{"embeddable":true,"href":"https:\/\/ensperu-cba.infd.edu.ar\/sitio\/wp-json\/wp\/v2\/users\/455"}],"replies":[{"embeddable":true,"href":"https:\/\/ensperu-cba.infd.edu.ar\/sitio\/wp-json\/wp\/v2\/comments?post=5163"}],"version-history":[{"count":28,"href":"https:\/\/ensperu-cba.infd.edu.ar\/sitio\/wp-json\/wp\/v2\/pages\/5163\/revisions"}],"predecessor-version":[{"id":5476,"href":"https:\/\/ensperu-cba.infd.edu.ar\/sitio\/wp-json\/wp\/v2\/pages\/5163\/revisions\/5476"}],"wp:attachment":[{"href":"https:\/\/ensperu-cba.infd.edu.ar\/sitio\/wp-json\/wp\/v2\/media?parent=5163"}],"curies":[{"name":"wp","href":"https:\/\/api.w.org\/{rel}","templated":true}]}}