{"id":1254,"date":"2018-06-29T19:47:18","date_gmt":"2018-06-29T22:47:18","guid":{"rendered":"https:\/\/ensperu-cba.infd.edu.ar\/sitio\/las-fechas-patrias\/"},"modified":"2018-10-12T17:30:51","modified_gmt":"2018-10-12T20:30:51","slug":"las-fechas-patrias","status":"publish","type":"page","link":"https:\/\/ensperu-cba.infd.edu.ar\/sitio\/las-fechas-patrias\/","title":{"rendered":"LAS FECHAS PATRIAS"},"content":{"rendered":"<h1><\/h1>\n<h1><\/h1>\n<h1>A\u00f1o 2018<\/h1>\n<h2 style=\"text-align: center;\"><span style=\"color: #2e548c;\"><strong>Abanderados del Nivel Secundario en varios a\u00f1os<\/strong><\/span><\/h2>\n<p style=\"text-align: center;\"><div id=\"metaslider-id-1920\" style=\"width: 100%;\" class=\"ml-slider-3-33-0 metaslider metaslider-flex metaslider-1920 ml-slider ms-theme-default\" role=\"region\" aria-roledescription=\"Slideshow\" aria-label=\"Slideshow\">\n    <div id=\"metaslider_container_1920\">\n        <div id=\"metaslider_1920\" class=\"flexslider\">\n            <ul aria-live=\"polite\" class=\"slides\">\n                <li style=\"display: block; width: 100%;\" class=\"slide-1921 ms-image\" aria-roledescription=\"slide\" aria-label=\"slide-1921\"><img src=\"https:\/\/ensperu-cba.infd.edu.ar\/sitio\/wp-content\/uploads\/2018\/10\/IMG-20180620-WA0003-1100x540.jpg\" height=\"540\" width=\"1100\" alt=\"Abanderados de la Instituci\u00f3n. Nivel Secundario\" class=\"slider-1920 slide-1921\" title=\"IMG-20180620-WA0003\" \/><div class=\"caption-wrap\"><div class=\"caption\">Abanderados A\u00f1o 2018<\/div><\/div><\/li>\n                <li style=\"display: none; width: 100%;\" class=\"slide-1922 ms-image\" aria-roledescription=\"slide\" aria-label=\"slide-1922\"><img src=\"https:\/\/ensperu-cba.infd.edu.ar\/sitio\/wp-content\/uploads\/2018\/10\/IMG-20180620-WA0002-1100x540.jpg\" height=\"540\" width=\"1100\" alt=\"Abanderados de la Instituci\u00f3n. Nivel Secundario\" class=\"slider-1920 slide-1922\" title=\"IMG-20180620-WA0002\" \/><div class=\"caption-wrap\"><div class=\"caption\">Abanderados A\u00f1o 2018<\/div><\/div><\/li>\n                <li style=\"display: none; width: 100%;\" class=\"slide-1923 ms-image\" aria-roledescription=\"slide\" aria-label=\"slide-1923\"><img src=\"https:\/\/ensperu-cba.infd.edu.ar\/sitio\/wp-content\/uploads\/2018\/10\/IMG-20180620-WA0001-1100x540.jpg\" height=\"540\" width=\"1100\" alt=\"Abanderados de la Instituci\u00f3n. Nivel Secundario\" class=\"slider-1920 slide-1923\" title=\"IMG-20180620-WA0001\" \/><div class=\"caption-wrap\"><div class=\"caption\">Abanderados A\u00f1o 2018<\/div><\/div><\/li>\n                <li style=\"display: none; width: 100%;\" class=\"slide-1924 ms-image\" aria-roledescription=\"slide\" aria-label=\"slide-1924\"><img src=\"https:\/\/ensperu-cba.infd.edu.ar\/sitio\/wp-content\/uploads\/2018\/10\/IMG-20160525-WA0010-1100x540.jpg\" height=\"540\" width=\"1100\" alt=\"Abanderados de la Instituci\u00f3n. Nivel Secundario\" class=\"slider-1920 slide-1924\" title=\"IMG-20160525-WA0010\" \/><div class=\"caption-wrap\"><div class=\"caption\">Abanderados A\u00f1o 2016<\/div><\/div><\/li>\n                <li style=\"display: none; width: 100%;\" class=\"slide-1925 ms-image\" aria-roledescription=\"slide\" aria-label=\"slide-1925\"><img src=\"https:\/\/ensperu-cba.infd.edu.ar\/sitio\/wp-content\/uploads\/2018\/10\/IMG-20160525-WA0008-1100x540.jpg\" height=\"540\" width=\"1100\" alt=\"Abanderados de la Instituci\u00f3n. Nivel Secundario\" class=\"slider-1920 slide-1925\" title=\"IMG-20160525-WA0008\" \/><div class=\"caption-wrap\"><div class=\"caption\">Abanderados A\u00f1o 2016<\/div><\/div><\/li>\n                <li style=\"display: none; width: 100%;\" class=\"slide-1926 ms-image\" aria-roledescription=\"slide\" aria-label=\"slide-1926\"><img src=\"https:\/\/ensperu-cba.infd.edu.ar\/sitio\/wp-content\/uploads\/2018\/10\/IMG-20160525-WA0006-1100x540.jpg\" height=\"540\" width=\"1100\" alt=\"Abanderados de la Instituci\u00f3n. Nivel Secundario\" class=\"slider-1920 slide-1926\" title=\"IMG-20160525-WA0006\" \/><div class=\"caption-wrap\"><div class=\"caption\">Abanderados 2016<\/div><\/div><\/li>\n                <li style=\"display: none; width: 100%;\" class=\"slide-1927 ms-image\" aria-roledescription=\"slide\" aria-label=\"slide-1927\"><img src=\"https:\/\/ensperu-cba.infd.edu.ar\/sitio\/wp-content\/uploads\/2018\/10\/WP_20150709_001-1100x540.jpg\" height=\"540\" width=\"1100\" alt=\"\" class=\"slider-1920 slide-1927\" title=\"WP_20150709_001\" \/><div class=\"caption-wrap\"><div class=\"caption\">Abanderados A\u00f1o 2015<\/div><\/div><\/li>\n                <li style=\"display: none; width: 100%;\" class=\"slide-1928 ms-image\" aria-roledescription=\"slide\" aria-label=\"slide-1928\"><img src=\"https:\/\/ensperu-cba.infd.edu.ar\/sitio\/wp-content\/uploads\/2018\/10\/WP_20150525_10_56_31_Pro-1100x540.jpg\" height=\"540\" width=\"1100\" alt=\"Abanderados de la Instituci\u00f3n. Nivel Secundario\" class=\"slider-1920 slide-1928\" title=\"WP_20150525_10_56_31_Pro\" \/><div class=\"caption-wrap\"><div class=\"caption\">Abanderados A\u00f1o 2015<\/div><\/div><\/li>\n            <\/ul>\n        <\/div>\n        \n    <\/div>\n<\/div><\/p>\n<p>&nbsp;<\/p>\n<h1><\/h1>\n<h1><span style=\"background-color: #99ccff;\"><strong><span style=\"color: #000080;\">Un 25 de Mayo DE 2015,con Mucha Tradici\u00f3n.<\/span><\/strong><\/span><\/h1>\n<h2>Hace apenas unas horas se realiz\u00f3 en la Escuela Normal Superior Rep\u00fablica del Per\u00fa, el Acto conmemorativo del 205\u00b0 Aniversario del nacimiento de Nuestra Patria.<\/h2>\n<h2><img decoding=\"async\" loading=\"lazy\" title=\"Ornamentaci\u00f3n\" src=\"https:\/\/ensperu-cba.infd.edu.ar\/sitio\/wp-content\/uploads\/2018\/06\/IMG-20150522-WA0002.jpg\" alt=\"Ornamentaci\u00f3n\" width=\"245\" height=\"407\" border=\"0\" \/> <img decoding=\"async\" loading=\"lazy\" title=\"Ornamentaci\u00f3n 2\" src=\"https:\/\/ensperu-cba.infd.edu.ar\/sitio\/wp-content\/uploads\/2018\/06\/IMG-20150522-WA0003.jpg\" alt=\"Ornamentaci\u00f3n 2\" width=\"247\" height=\"410\" border=\"0\" \/><\/h2>\n<h1 style=\"text-align: center;\"><span style=\"color: #000080;\"><strong><span style=\"background-color: #99ccff;\">Ornamentaci\u00f3n realizada por Alumnos del Profesorado de Ense\u00f1anza Primaria<\/span><\/strong><\/span><\/h1>\n<h2><\/h2>\n<h2><img decoding=\"async\" loading=\"lazy\" title=\"Festejo 25 de Mayo 2015-7\" src=\"https:\/\/ensperu-cba.infd.edu.ar\/sitio\/wp-content\/uploads\/2018\/06\/2015-05-22_20-29-41_256.jpg\" alt=\"Festejo 25 de Mayo 2015-7\" width=\"519\" height=\"284\" border=\"0\" \/><\/h2>\n<h2><span style=\"background-color: #99ccff;\">Entonando las estrofas del Himno Nacional Argentino&#8230;<\/span><\/h2>\n<h2><span style=\"background-color: #99ccff;\"><img decoding=\"async\" loading=\"lazy\" title=\"Festejo 25 de Mayo 2015\" src=\"https:\/\/ensperu-cba.infd.edu.ar\/sitio\/wp-content\/uploads\/2018\/06\/2015-05-22_20-24-54_452.jpg\" alt=\"Festejo 25 de Mayo 2015\" width=\"503\" height=\"281\" border=\"0\" \/><\/span><\/h2>\n<h2><img decoding=\"async\" loading=\"lazy\" style=\"display: block; margin-left: auto; margin-right: auto;\" title=\"Presentes\" src=\"https:\/\/ensperu-cba.infd.edu.ar\/sitio\/wp-content\/uploads\/2018\/06\/2015-05-22_20-34-09_861.jpg\" alt=\"Presentes\" width=\"401\" height=\"533\" border=\"0\" \/><\/h2>\n<h2><span style=\"background-color: #99ccff;\">Y c<\/span><span style=\"background-color: #99ccff;\">ongregados en el patio escolar, alumnos, docentes, personal administrativo y ciudadanos asistimos a una Fiesta <span style=\"background-color: #ffffff;\">Maravillosa, organizada por docentes y<\/span><\/span> alumnos de los distintos Profesorados de la Normal, Educaci\u00f3n Inicial,<\/h2>\n<h2><span style=\"background-color: #99ccff;\">Educaci\u00f3n Primaria, Profesorado de Ense\u00f1anza <\/span><span style=\"background-color: #99ccff;\">Secundaria en Qu\u00edmica y F\u00edsica, conjuntamente con los alumnos y docentes del I.E.S Arturo Capdevila, de Nuestra<\/span> <span style=\"background-color: #99ccff;\">Comunidad Educativa.<\/span><\/h2>\n<h2><img decoding=\"async\" loading=\"lazy\" title=\"Festejo 25 de Mayo 2015-5\" src=\"https:\/\/ensperu-cba.infd.edu.ar\/sitio\/wp-content\/uploads\/2018\/06\/2015-05-22_20-31-56_639.jpg\" alt=\"Festejo 25 de Mayo 2015-5\" width=\"253\" height=\"146\" border=\"0\" \/> <img decoding=\"async\" loading=\"lazy\" title=\"Festejo 25 de Mayo 2015-4\" src=\"https:\/\/ensperu-cba.infd.edu.ar\/sitio\/wp-content\/uploads\/2018\/06\/2015-05-22_20-25-39_879.jpg\" alt=\"Festejo 25 de Mayo 2015-4\" width=\"250\" height=\"140\" border=\"0\" \/><\/h2>\n<p><img decoding=\"async\" loading=\"lazy\" title=\"Festejo 25 de Mayo 2015-9\" src=\"https:\/\/ensperu-cba.infd.edu.ar\/sitio\/wp-content\/uploads\/2018\/06\/IMG-20150523-WA0008.jpg\" alt=\"Festejo 25 de Mayo 2015-9\" width=\"253\" height=\"336\" border=\"0\" \/> <img decoding=\"async\" loading=\"lazy\" title=\"Festejo 25 de Mayo 2015-11\" src=\"https:\/\/ensperu-cba.infd.edu.ar\/sitio\/wp-content\/uploads\/2018\/06\/IMG-20150523-WA0011.jpg\" alt=\"Festejo 25 de Mayo 2015-11\" width=\"253\" height=\"335\" border=\"0\" \/><\/p>\n<p><img decoding=\"async\" loading=\"lazy\" title=\"Festejo 25 de Mayo 2015-13\" src=\"https:\/\/ensperu-cba.infd.edu.ar\/sitio\/wp-content\/uploads\/2018\/06\/IMG-20150523-WA0016.jpg\" alt=\"Festejo 25 de Mayo 2015-13\" width=\"515\" height=\"384\" border=\"0\" \/><\/p>\n<p>&nbsp;<\/p>\n<p>&nbsp;<\/p>\n<p><img decoding=\"async\" loading=\"lazy\" title=\"Festejo 25 de Mayo 2015-18\" src=\"https:\/\/ensperu-cba.infd.edu.ar\/sitio\/wp-content\/uploads\/2018\/06\/IMG-20150523-WA0015.jpg\" alt=\"Festejo 25 de Mayo 2015-18\" width=\"507\" height=\"377\" border=\"0\" \/><\/p>\n<p><img decoding=\"async\" loading=\"lazy\" title=\"Preparativos 25 de Mayo-1\" src=\"https:\/\/ensperu-cba.infd.edu.ar\/sitio\/wp-content\/uploads\/2018\/06\/IMG-20150523-WA0046.jpg\" alt=\"Preparativos 25 de Mayo-1\" width=\"507\" height=\"379\" border=\"0\" \/><\/p>\n<h2><span style=\"background-color: #99ccff;\">Nuestro Patio se llen\u00f3 de colores, escarpelas, olores y <span style=\"background-color: #ffffff;\">sabores, y\u00a0 al ritmo de Gatos y Chacareras, se desgustaron<\/span><\/span> \u00abtortas\u00bb, \u00abpastelitos\u00bb, \u00abfritos\u00bb \u00abmazamorra\u00bb, \u00abchocolate <span style=\"background-color: #99ccff;\">caliente\u00bb, todo elaborado por nuestros alumnos&#8230;<\/span><\/h2>\n<h2><img decoding=\"async\" loading=\"lazy\" title=\"Festejo 25 de Mayo 2015-3\" src=\"https:\/\/ensperu-cba.infd.edu.ar\/sitio\/wp-content\/uploads\/2018\/06\/2015-05-22_20-26-17_201.jpg\" alt=\"Festejo 25 de Mayo 2015-3\" width=\"499\" height=\"279\" border=\"0\" \/><\/h2>\n<h2 style=\"text-align: center;\"><span style=\"color: #000080; background-color: #99ccff;\"><strong>Alumnos del Profesorado de Educaci\u00f3n Inicial con su mesa de comidas t\u00edpicas, que compartieron con todos los asistentes a la Fiesta.<\/strong><\/span><\/h2>\n<p><img decoding=\"async\" loading=\"lazy\" title=\"Festejo 25 de Mayo 2015-16\" src=\"https:\/\/ensperu-cba.infd.edu.ar\/sitio\/wp-content\/uploads\/2018\/06\/IMG-20150523-WA0026.jpg\" alt=\"Festejo 25 de Mayo 2015-16\" width=\"502\" height=\"375\" border=\"0\" \/><\/p>\n<h2><span style=\"background-color: #99ccff;\">Un desfile de vestimentas, costumbres, y oficios de \u00e9poca, recreaba la impronta de un tiempo que tantos argentinos recordamos con orgullo&#8230;<\/span><\/h2>\n<h2><span style=\"background-color: #99ccff;\"><img decoding=\"async\" loading=\"lazy\" title=\"Pregoneros\" src=\"https:\/\/ensperu-cba.infd.edu.ar\/sitio\/wp-content\/uploads\/2018\/06\/IMG-20150523-WA0048.jpg\" alt=\"Pregoneros\" width=\"501\" height=\"372\" border=\"0\" \/><\/span><\/h2>\n<h2><span style=\"color: #000080; background-color: #99ccff;\">Los Pregones con sus rimas, cortas y precisas, dibujando en los rostros muchas sonrisas&#8230;<\/span><\/h2>\n<h1 style=\"text-align: center;\"><span style=\"color: #000080; background-color: #99ccff;\">\u00abVengan todos a cantar, vengan todos a bailar, vengan que hay que festejar&#8230;\u00a1\u00a1\u00a1Que linda es la Libertad!!!\u00bb<\/span><\/h1>\n<p><span style=\"color: #000080; background-color: #99ccff;\"><img decoding=\"async\" loading=\"lazy\" title=\"Festejo 25 de Mayo 2015-17\" src=\"https:\/\/ensperu-cba.infd.edu.ar\/sitio\/wp-content\/uploads\/2018\/06\/IMG-20150523-WA0025.jpg\" alt=\"Festejo 25 de Mayo 2015-17\" width=\"251\" height=\"334\" border=\"0\" \/> <img decoding=\"async\" loading=\"lazy\" title=\"Festejo 25 de Mayo 2015-15\" src=\"https:\/\/ensperu-cba.infd.edu.ar\/sitio\/wp-content\/uploads\/2018\/06\/IMG-20150523-WA0021.jpg\" alt=\"Festejo 25 de Mayo 2015-15\" width=\"251\" height=\"333\" border=\"0\" \/><br \/>\n<\/span><\/p>\n<h2 style=\"text-align: center;\"><strong><span style=\"color: #339966;\"><img decoding=\"async\" title=\"Mano se\u00f1alando\" src=\"https:\/\/ensperu-cba.infd.edu.ar\/sitio\/wp-content\/uploads\/2018\/06\/MANOse%C3%B1alando_abajo.gif\" alt=\"Mano se\u00f1alando\" border=\"0\" \/><\/span><\/strong><strong><br \/>\n<\/strong><\/h2>\n<h2 style=\"text-align: center;\"><strong><span style=\"color: #339966;\"><a title=\"Festejo 25 de Mayo 2015\" href=\"upload\/VID-20150523-WA0052.3gp\" target=\"_blank\" rel=\"noopener\">PREGONEROS<\/a><\/span><\/strong><\/h2>\n<p style=\"text-align: center;\">\n<h2><span style=\"background-color: #99ccff;\">Y un grupo de alumnos que trabaj\u00f3 entusiasta, codo a codo, contagiando la alegr\u00eda en una brisa de Libertad&#8230;Libertar de hacer, libertad de participar&#8230;libertad de sentir&#8230;libertad de SER&#8230;<br \/>\n<\/span><\/h2>\n<p><img decoding=\"async\" loading=\"lazy\" style=\"display: block; margin-left: auto; margin-right: auto;\" title=\"Reflexiones\" src=\"https:\/\/ensperu-cba.infd.edu.ar\/sitio\/wp-content\/uploads\/2018\/06\/2015-05-22_20-30-52_108.jpg\" alt=\"Reflexiones\" width=\"378\" height=\"666\" border=\"0\" \/><\/p>\n<p>&nbsp;<\/p>\n<h2><span style=\"color: #000080; background-color: #99ccff;\"><strong>Las sentidas palabras de la Vice Directora del IES Arturo Capdevila, nos abrazaron en una c\u00e1lida reflexi\u00f3n&#8230;<\/strong><\/span><\/h2>\n<p>&nbsp;<\/p>\n<h2><span style=\"background-color: #99ccff;\"><strong><span style=\"color: #000080;\">Un espacio listo y despejadito para una Zambita<\/span><\/strong><\/span><\/h2>\n<p><img decoding=\"async\" loading=\"lazy\" title=\"Festejo 25 de Mayo 2015-6\" src=\"https:\/\/ensperu-cba.infd.edu.ar\/sitio\/wp-content\/uploads\/2018\/06\/2015-05-22_20-27-12_77.jpg\" alt=\"Festejo 25 de Mayo 2015-6\" width=\"455\" height=\"256\" border=\"0\" \/><\/p>\n<p><img decoding=\"async\" loading=\"lazy\" title=\"Festejo 25 de Mayo 2015-2\" src=\"https:\/\/ensperu-cba.infd.edu.ar\/sitio\/wp-content\/uploads\/2018\/06\/2015-05-22_20-25-04_851.jpg\" alt=\"Festejo 25 de Mayo 2015-2\" width=\"455\" height=\"254\" border=\"0\" \/><\/p>\n<h2><span style=\"color: #000080; background-color: #99ccff;\">Las \u00abcoreo\u00bb, brillaron entre las luces y las sonrisas&#8230;Entre mulatas y blancos el \u00abCandombe\u00bb se sent\u00eda&#8230; M\u00fasica y colores de nuestra Tierra engalanaron la noche en un ambiente ameno, distendido&#8230;muy emotivo<\/span><\/h2>\n<p><img decoding=\"async\" loading=\"lazy\" title=\"Festejo 25 de Mayo 2015-8\" src=\"https:\/\/ensperu-cba.infd.edu.ar\/sitio\/wp-content\/uploads\/2018\/06\/2015-05-22_20-56-13_653.jpg\" alt=\"Festejo 25 de Mayo 2015-8\" width=\"456\" height=\"339\" border=\"0\" \/><\/p>\n<p>&nbsp;<\/p>\n<p><img decoding=\"async\" loading=\"lazy\" title=\"Gatos y Chacareras\" src=\"https:\/\/ensperu-cba.infd.edu.ar\/sitio\/wp-content\/uploads\/2018\/06\/2015-05-22_20-57-18_456.jpg\" alt=\"Gatos y Chacareras\" width=\"449\" height=\"333\" border=\"0\" \/><\/p>\n<p><img decoding=\"async\" loading=\"lazy\" title=\"Alumnos asistentes\" src=\"https:\/\/ensperu-cba.infd.edu.ar\/sitio\/wp-content\/uploads\/2018\/06\/2015-05-22_20-27-41_290.jpg\" alt=\"Alumnos asistentes\" width=\"249\" height=\"142\" border=\"0\" \/>\u00a0<img decoding=\"async\" loading=\"lazy\" title=\"Festejo 25 de Mayo 2015-4\" src=\"https:\/\/ensperu-cba.infd.edu.ar\/sitio\/wp-content\/uploads\/2018\/06\/2015-05-22_20-25-39_879.jpg\" alt=\"Festejo 25 de Mayo 2015-4\" width=\"252\" height=\"141\" border=\"0\" \/><\/p>\n<p>&nbsp;<\/p>\n<p><img decoding=\"async\" loading=\"lazy\" title=\"AUTORIDADES\" src=\"https:\/\/ensperu-cba.infd.edu.ar\/sitio\/wp-content\/uploads\/2018\/06\/2015-05-22_20-26-55_673.jpg\" alt=\"AUTORIDADES\" width=\"502\" height=\"287\" border=\"0\" \/><\/p>\n<h2><span style=\"background-color: #99ccff;\">Las Direcciones de ambos Institutos, el cuerpo docente y la<\/span> comunidad educativa en su conjunto Agradece todo el esfuerzo realizado en la organizaci\u00f3n, dise\u00f1o, montaje y <span style=\"background-color: #99ccff;\">puesta en escena de un Festejo que nos merecemos Todos los Argentinos..<\/span><\/h2>\n<p>&nbsp;<\/p>\n<p>&nbsp;<\/p>\n<h1 style=\"text-align: center;\"><span style=\"background-color: #99ccff; color: #ffffff;\">VIVA LA PATRIA!!!<\/span><\/h1>\n<h1 style=\"text-align: center;\"><span style=\"background-color: #99ccff; color: #ffffff;\">VIVAAAAA!!!<\/span><\/h1>\n","protected":false},"excerpt":{"rendered":"<p>A\u00f1o 2018 Abanderados del Nivel Secundario en varios a\u00f1os &nbsp; Un 25 de Mayo DE 2015,con Mucha Tradici\u00f3n. Hace apenas unas horas se realiz\u00f3 en la Escuela Normal Superior Rep\u00fablica del Per\u00fa, el Acto conmemorativo del 205\u00b0 Aniversario del nacimiento de Nuestra Patria. Ornamentaci\u00f3n realizada por Alumnos del Profesorado de Ense\u00f1anza Primaria Entonando las estrofas &#8230; <a title=\"LAS FECHAS PATRIAS\" class=\"read-more\" href=\"https:\/\/ensperu-cba.infd.edu.ar\/sitio\/las-fechas-patrias\/\" aria-label=\"More on LAS FECHAS PATRIAS\">[+]<\/a><\/p>\n","protected":false},"author":488,"featured_media":0,"parent":0,"menu_order":0,"comment_status":"closed","ping_status":"closed","template":"","meta":[],"acf":[],"_links":{"self":[{"href":"https:\/\/ensperu-cba.infd.edu.ar\/sitio\/wp-json\/wp\/v2\/pages\/1254"}],"collection":[{"href":"https:\/\/ensperu-cba.infd.edu.ar\/sitio\/wp-json\/wp\/v2\/pages"}],"about":[{"href":"https:\/\/ensperu-cba.infd.edu.ar\/sitio\/wp-json\/wp\/v2\/types\/page"}],"author":[{"embeddable":true,"href":"https:\/\/ensperu-cba.infd.edu.ar\/sitio\/wp-json\/wp\/v2\/users\/488"}],"replies":[{"embeddable":true,"href":"https:\/\/ensperu-cba.infd.edu.ar\/sitio\/wp-json\/wp\/v2\/comments?post=1254"}],"version-history":[{"count":2,"href":"https:\/\/ensperu-cba.infd.edu.ar\/sitio\/wp-json\/wp\/v2\/pages\/1254\/revisions"}],"predecessor-version":[{"id":1929,"href":"https:\/\/ensperu-cba.infd.edu.ar\/sitio\/wp-json\/wp\/v2\/pages\/1254\/revisions\/1929"}],"wp:attachment":[{"href":"https:\/\/ensperu-cba.infd.edu.ar\/sitio\/wp-json\/wp\/v2\/media?parent=1254"}],"curies":[{"name":"wp","href":"https:\/\/api.w.org\/{rel}","templated":true}]}}