{"id":1250,"date":"2018-06-29T19:47:17","date_gmt":"2018-06-29T22:47:17","guid":{"rendered":"https:\/\/ensperu-cba.infd.edu.ar\/sitio\/escuela-secundaria-nivel-medio-2\/"},"modified":"2018-10-15T07:16:51","modified_gmt":"2018-10-15T10:16:51","slug":"escuela-secundaria-nivel-medio-2","status":"publish","type":"page","link":"https:\/\/ensperu-cba.infd.edu.ar\/sitio\/escuela-secundaria-nivel-medio-2\/","title":{"rendered":"Ex Alumnos de la Escuela Secundaria &#8211; Nivel Medio"},"content":{"rendered":"<h1 style=\"text-align: center;\"><span style=\"color: #000080; background-color: #ccffff;\">RECUERDOS\u00a0 A\u00d1O 2018<\/span><\/h1>\n<h2 style=\"text-align: center;\"><span style=\"color: #ff00ff;\">100 A\u00d1OS DE TRAYECTORIA EDUCATIVA&#8230;UN MISMO SENTIMIENTO: AMOR Y GRAN SENTIDO DE PERTENENCIA.<\/span><\/h2>\n<h4 style=\"text-align: left;\"><span style=\"color: #ff6600;\">VER ALGUNAS FOTOS HACER CLICK AQU\u00cd<\/span>\u00a0 \u00a0<img decoding=\"async\" loading=\"lazy\" class=\"alignnone size-full wp-image-933\" src=\"https:\/\/ensperu-cba.infd.edu.ar\/sitio\/wp-content\/uploads\/2018\/06\/MANOse\u00f1alando_abajo.gif\" alt=\"\" width=\"55\" height=\"50\" \/><\/h4>\n<p style=\"text-align: center;\"><a href=\"https:\/\/photos.app.goo.gl\/cMiTQihqpEUqJ9A96\" target=\"_blank\" rel=\"noopener\">https:\/\/photos.app.goo.gl\/cMiTQihqpEUqJ9A96<\/a><\/p>\n<figure id=\"attachment_1836\" aria-describedby=\"caption-attachment-1836\" style=\"width: 704px\" class=\"wp-caption aligncenter\"><img decoding=\"async\" loading=\"lazy\" class=\" wp-image-1836\" src=\"https:\/\/ensperu-cba.infd.edu.ar\/sitio\/wp-content\/uploads\/2018\/10\/IMG-20181012-WA0015-1000x750.jpg\" alt=\"\" width=\"714\" height=\"536\" srcset=\"https:\/\/ensperu-cba.infd.edu.ar\/sitio\/wp-content\/uploads\/2018\/10\/IMG-20181012-WA0015-1000x750.jpg 1000w, https:\/\/ensperu-cba.infd.edu.ar\/sitio\/wp-content\/uploads\/2018\/10\/IMG-20181012-WA0015-768x576.jpg 768w, https:\/\/ensperu-cba.infd.edu.ar\/sitio\/wp-content\/uploads\/2018\/10\/IMG-20181012-WA0015.jpg 1280w\" sizes=\"(max-width: 714px) 100vw, 714px\" \/><figcaption id=\"caption-attachment-1836\" class=\"wp-caption-text\">Conmemorando los 100 a\u00f1os de la Escuela Normal Superior Rep\u00fablica del Per\u00fa. 11\/10\/2018<\/figcaption><\/figure>\n<p><img decoding=\"async\" loading=\"lazy\" class=\"wp-image-2441 alignleft\" src=\"https:\/\/ensperu-cba.infd.edu.ar\/sitio\/wp-content\/uploads\/2018\/10\/20181013_103303-1000x600.jpg\" alt=\"\" width=\"391\" height=\"235\" srcset=\"https:\/\/ensperu-cba.infd.edu.ar\/sitio\/wp-content\/uploads\/2018\/10\/20181013_103303-1000x600.jpg 1000w, https:\/\/ensperu-cba.infd.edu.ar\/sitio\/wp-content\/uploads\/2018\/10\/20181013_103303-768x461.jpg 768w, https:\/\/ensperu-cba.infd.edu.ar\/sitio\/wp-content\/uploads\/2018\/10\/20181013_103303-1900x1140.jpg 1900w\" sizes=\"(max-width: 391px) 100vw, 391px\" \/>\u00a0<img decoding=\"async\" loading=\"lazy\" class=\"wp-image-2440 alignnone\" src=\"https:\/\/ensperu-cba.infd.edu.ar\/sitio\/wp-content\/uploads\/2018\/10\/20181013_103256-1000x600.jpg\" alt=\"\" width=\"407\" height=\"244\" srcset=\"https:\/\/ensperu-cba.infd.edu.ar\/sitio\/wp-content\/uploads\/2018\/10\/20181013_103256-1000x600.jpg 1000w, https:\/\/ensperu-cba.infd.edu.ar\/sitio\/wp-content\/uploads\/2018\/10\/20181013_103256-768x461.jpg 768w, https:\/\/ensperu-cba.infd.edu.ar\/sitio\/wp-content\/uploads\/2018\/10\/20181013_103256-1900x1140.jpg 1900w\" sizes=\"(max-width: 407px) 100vw, 407px\" \/><\/p>\n<p><strong><span style=\"color: #ff0000;\">SI ERES EX ALUMNO DE LA ESCUELA NORMAL Y QUIERES QUE PUBLIQUEMOS TUS FOTOS EN ESTE ESPACIO, PUEDES COMUNICARTE CON EL SIGUIENTE CORREO ELECTR\u00d3NICO:\u00a0<\/span><\/strong><\/p>\n<h3 style=\"text-align: center;\"><strong>secretariainstitucionalreperu@gmail.com<\/strong><\/h3>\n","protected":false},"excerpt":{"rendered":"<p>RECUERDOS\u00a0 A\u00d1O 2018 100 A\u00d1OS DE TRAYECTORIA EDUCATIVA&#8230;UN MISMO SENTIMIENTO: AMOR Y GRAN SENTIDO DE PERTENENCIA. VER ALGUNAS FOTOS HACER CLICK AQU\u00cd\u00a0 \u00a0 https:\/\/photos.app.goo.gl\/cMiTQihqpEUqJ9A96 \u00a0 SI ERES EX ALUMNO DE LA ESCUELA NORMAL Y QUIERES QUE PUBLIQUEMOS TUS FOTOS EN ESTE ESPACIO, PUEDES COMUNICARTE CON EL SIGUIENTE CORREO ELECTR\u00d3NICO:\u00a0 secretariainstitucionalreperu@gmail.com<\/p>\n","protected":false},"author":488,"featured_media":0,"parent":0,"menu_order":0,"comment_status":"closed","ping_status":"closed","template":"","meta":[],"acf":[],"_links":{"self":[{"href":"https:\/\/ensperu-cba.infd.edu.ar\/sitio\/wp-json\/wp\/v2\/pages\/1250"}],"collection":[{"href":"https:\/\/ensperu-cba.infd.edu.ar\/sitio\/wp-json\/wp\/v2\/pages"}],"about":[{"href":"https:\/\/ensperu-cba.infd.edu.ar\/sitio\/wp-json\/wp\/v2\/types\/page"}],"author":[{"embeddable":true,"href":"https:\/\/ensperu-cba.infd.edu.ar\/sitio\/wp-json\/wp\/v2\/users\/488"}],"replies":[{"embeddable":true,"href":"https:\/\/ensperu-cba.infd.edu.ar\/sitio\/wp-json\/wp\/v2\/comments?post=1250"}],"version-history":[{"count":7,"href":"https:\/\/ensperu-cba.infd.edu.ar\/sitio\/wp-json\/wp\/v2\/pages\/1250\/revisions"}],"predecessor-version":[{"id":2470,"href":"https:\/\/ensperu-cba.infd.edu.ar\/sitio\/wp-json\/wp\/v2\/pages\/1250\/revisions\/2470"}],"wp:attachment":[{"href":"https:\/\/ensperu-cba.infd.edu.ar\/sitio\/wp-json\/wp\/v2\/media?parent=1250"}],"curies":[{"name":"wp","href":"https:\/\/api.w.org\/{rel}","templated":true}]}}