{"id":1220,"date":"2018-06-29T19:47:07","date_gmt":"2018-06-29T22:47:07","guid":{"rendered":"https:\/\/ensperu-cba.infd.edu.ar\/sitio\/secretaria-de-la-sede-especializacion-en-educacion-postitulos-docentes\/"},"modified":"2018-06-29T19:47:07","modified_gmt":"2018-06-29T22:47:07","slug":"secretaria-de-la-sede-especializacion-en-educacion-postitulos-docentes","status":"publish","type":"page","link":"https:\/\/ensperu-cba.infd.edu.ar\/sitio\/secretaria-de-la-sede-especializacion-en-educacion-postitulos-docentes\/","title":{"rendered":"Secretar\u00eda de la Sede Especializaci\u00f3n en Educaci\u00f3n\/Post\u00edtulos Docentes"},"content":{"rendered":"<h2 style=\"text-align: center;\"><span style=\"font-family: arial black,avant garde; color: #666699; background-color: #ffcc99;\"><img decoding=\"async\" loading=\"lazy\" style=\"float: right;\" title=\"Cabezal DGES\" src=\"https:\/\/ensperu-cba.infd.edu.ar\/sitio\/wp-content\/uploads\/2018\/06\/CABEZAL_CBA.png\" border=\"0\" alt=\"Cabezal DGES\" width=\"392\" height=\"149\"><\/span><\/p>\n<h2 style=\"text-align: center;\">&nbsp;<\/h2>\n<h2 style=\"text-align: center;\"><span style=\"font-family: arial black,avant garde; color: #666699; background-color: #ffcc99;\"><img decoding=\"async\" loading=\"lazy\" title=\"Nuestro Escudo\" src=\"https:\/\/ensperu-cba.infd.edu.ar\/sitio\/wp-content\/uploads\/2018\/06\/Escudo.jpg\" border=\"0\" alt=\"Nuestro Escudo\" width=\"87\" height=\"115\"><\/span><\/h2>\n<h2 style=\"text-align: center;\"><span style=\"color: #008000; background-color: #ffff99; font-size: 14pt;\">Pedido de Informaci&oacute;n &#8211; Consultas<\/span><\/h2>\n<h2 style=\"text-align: center;\">&nbsp;<\/h2>\n<h2 style=\"text-align: center;\"><span style=\"font-family: arial black,avant garde; color: #666699; background-color: #ffcc99;\">Coordinadora Pedag&oacute;gica Institucional de la Sede<\/span><\/h2>\n<p><img decoding=\"async\" loading=\"lazy\" src=\"http:\/\/3.bp.blogspot.com\/-exkAelbT70w\/U89ApIkOgVI\/AAAAAAAADCk\/iV4f6cDjByc\/s1600\/secretaria01.gif\" border=\"0\" width=\"139\" height=\"124\"><span style=\"font-family: arial black,avant garde; color: #000000; background-color: #cc99ff;\">&nbsp;&nbsp;&nbsp;&nbsp;&nbsp;&nbsp;&nbsp;&nbsp;&nbsp;&nbsp;&nbsp; Coordinadora Pedag&oacute;gica Institucional: Cintia Rey<br \/><\/span><\/p>\n<p>&nbsp;<\/p>\n<p style=\"text-align: center;\"><span style=\"font-family: arial black,avant garde; color: #3366ff; background-color: #a6f7fb; font-size: 12pt;\">Horarios de Atenci&oacute;n de la Secretar&iacute;a de la Sede<br \/><\/span><\/p>\n<p>&nbsp;<\/p>\n<table class=\"Borde_rojo\" style=\"border-color: #053a7e; border-width: 0px; background-color: #d0fcfb; border-style: solid; width: 567px; height: 331px;\" border=\"0\" frame=\"border\" align=\"center\">\n<caption><\/caption>\n<tbody>\n<tr>\n<td style=\"text-align: center;\"><span style=\"background-color: #ffff99; font-size: 10pt;\">D&iacute;as de la Semana<\/span><\/td>\n<td style=\"text-align: center;\"><span style=\"background-color: #ffff99; font-size: 10pt;\">Horarios<\/span><\/td>\n<td style=\"text-align: center;\"><span style=\"background-color: #ffff99; font-size: 10pt;\">Otros Horarios dentro de la Instituci&oacute;n<\/span><\/td>\n<\/tr>\n<tr>\n<td><span style=\"font-size: 10pt;\">Lunes<\/span><\/td>\n<td style=\"text-align: center;\"><span style=\"background-color: #cc99ff; font-size: 10pt;\">De 8:00 a 12:30 hs.<\/span><\/td>\n<td>\n<ul>\n<li><span style=\"font-size: 10pt;\">Desde 17 hasta las 22:35 hs.<\/span><\/li>\n<\/ul>\n<\/td>\n<\/tr>\n<tr>\n<td><span style=\"font-size: 10pt;\">Martes<\/span><\/td>\n<td style=\"text-align: center;\"><span style=\"background-color: #cc99ff; font-size: 10pt;\">&nbsp;<\/span><\/td>\n<td>\n<ul>\n<li><span style=\"font-size: 10pt;\">Desde19 hasta las 20:30 hs.<\/span><\/li>\n<\/ul>\n<\/td>\n<\/tr>\n<tr>\n<td><span style=\"font-size: 10pt;\">Mi&eacute;rcoles<\/span><\/td>\n<td style=\"text-align: center;\"><span style=\"background-color: #cc99ff; font-size: 10pt;\">De 8:00 a 12:30 hs.<\/span><\/td>\n<td>\n<ul>\n<li><span style=\"font-size: 10pt;\">Desde 17:40&nbsp; hasta 21:10 hs.<\/span><\/li>\n<\/ul>\n<\/td>\n<\/tr>\n<tr>\n<td><span style=\"font-size: 10pt;\">Jueves<\/span><\/td>\n<td style=\"text-align: center;\">&nbsp;<\/td>\n<td>&nbsp;<\/td>\n<\/tr>\n<tr>\n<td><span style=\"font-size: 10pt;\">Viernes<\/span><\/td>\n<td style=\"text-align: center;\"><span style=\"background-color: #cc99ff; font-size: 10pt;\">De&nbsp; 8:00 a 12:30 hs.<\/span><\/td>\n<td>\n<ul>\n<li><span style=\"font-size: 10pt;\">Desde 17:40 hasta 21:55 hs.<\/span><\/li>\n<\/ul>\n<\/td>\n<\/tr>\n<tr>\n<td><span style=\"font-size: 10pt;\">S&aacute;bado<\/span><\/td>\n<td style=\"text-align: center;\"><span style=\"background-color: #cc99ff; font-size: 10pt;\">A confirmar<\/span><\/td>\n<td>\n<ul>\n<li><span style=\"font-size: 10pt;\">&nbsp;D&iacute;as de Encuentros Presenciales<\/span><\/li>\n<\/ul>\n<\/td>\n<\/tr>\n<\/tbody>\n<\/table>\n<h2 style=\"text-align: center;\"><span style=\"background-color: #ffcc00;\">&nbsp;Escuela Normal Superior \u00abRep&uacute;blica del Per&uacute;\u00bb<\/span><\/h2>\n<p style=\"text-align: center;\"><span style=\"background-color: #ffcc00;\"><strong>Sarmiento 1155. Cruz del Eje.<\/strong><\/span><\/p>\n<p style=\"text-align: center;\">&nbsp;<\/p>\n<p style=\"background-color: #f9d161; text-align: center;\"><span style=\"background-color: #ffff00;\"><strong><span style=\"font-size: 12pt; color: #0000ff;\"><span style=\"font-family: Times New Roman;\">Fax: 03549 426744&nbsp; <\/span><span style=\"font-family: Times New Roman;\">Tel: 03549 426777 <br \/><\/span><\/span><\/strong><\/span><\/p>\n<p style=\"text-align: center;\">&nbsp;<\/p>\n<p style=\"text-align: center;\"><span style=\"background-color: #ffcc00;\">&nbsp;<\/span><\/p>\n<h2><span style=\"font-family: arial black,avant garde; color: #800000; background-color: #ffcc99;\"><img decoding=\"async\" loading=\"lazy\" title=\"Entrega de papeles o Documentos\" src=\"https:\/\/ensperu-cba.infd.edu.ar\/sitio\/wp-content\/uploads\/2018\/06\/libros_en_mochila.jpg\" border=\"0\" alt=\"Entrega de papeles o Documentos\" width=\"108\" height=\"118\">Para entrega de Documentos, Legajos, etc., traer dos Notas de Recibidos (una queda en la Secretar&iacute;a, la otra es su comprobante de Entrega).*<\/span><\/h2>\n<h2 style=\"text-align: center;\"><span style=\"font-family: arial black,avant garde; color: #ff00ff; background-color: #f6c23b;\">* Fuera de dichos Horarios, se receptar&aacute;n por Mesa de Entradas de la Instituci&oacute;n.<br \/><\/span><\/h2>\n<h1><span style=\"color: #ff0000;\"><strong>&nbsp;INFORMACI&Oacute;N ACTUALIZADA<\/strong><\/span><\/h1>\n<p>&nbsp;<\/p>\n<h1 style=\"text-align: center;\"><span style=\"font-family: Calibri; color: #008000; background-color: #00ffff;\">BUENAS NOTICIAS!!!!!<\/span><\/h1>\n<h2><span style=\"font-family: Calibri;\">Desde la Coordinaci&oacute;n Nacional hemos recibido la informaci&oacute;n de que se ha confirmado la Inscripci&oacute;n para la Segunda cohorte de la Especializaci&oacute;n Docente en Educaci&oacute;n&nbsp; Primaria y TIC.<br \/><\/span><\/h2>\n<p>&nbsp;<\/p>\n<h1><span style=\"font-family: Calibri;\"><span style=\"color: #ff0000;\">Fecha de Inscripci&oacute;n:<\/span><\/span><\/h1>\n<h1 style=\"text-align: center;\"><span style=\"font-family: Calibri;\"><span style=\"color: #ff0000;\"><span style=\"background-color: #ffff99;\">Lunes 2 al viernes 20 de febrero de 2015<\/span><\/span> <\/span><\/h1>\n<p><span style=\"background-color: #00ff00;\"><strong><span style=\"font-size: 12pt;\">&nbsp;Se prorroga la preinscripci&oacute;n de los Post&iacute;tulos TIC de Primaria y Secundaria hasta el<span id=\"yui_3_16_0_1_1424461988334_8083\" style=\"color: #000000;\"><span id=\"yui_3_16_0_1_1424461988334_8082\"> 27 de febrero.<\/span><\/span><\/span><\/strong><\/span><\/p>\n<h2><span style=\"font-family: Calibri; color: #0000ff;\">&nbsp;Esta inscripci&oacute;n estar&aacute; disponible en la siguiente direcci&oacute;n:<\/span><\/h2>\n<p>&nbsp;<\/p>\n<p><span style=\"font-family: Calibri;\">&nbsp;<\/span><\/p>\n<p>&nbsp;<\/p>\n<h2 style=\"text-align: center;\"><a href=\"http:\/\/postituloprimariatic.educacion.gov.ar\/\" target=\"_blank\"><span style=\"font-family: Calibri;\">http:\/\/postituloprimariatic.educacion.gov.ar\/<\/span><\/a><\/h2>\n<h2 style=\"text-align: right;\"><strong><span style=\"font-family: Calibri; color: #ff0000; background-color: #00ffff;\">NO TE OLVIDES DE INSCRIBIR!!!<\/span><\/strong><\/h2>\n<div class=\"textocentral\">\n<blockquote class=\"gmail_quote\">\n<div dir=\"ltr\">\n<p><span style=\"font-size: 12pt;\">Informaci&oacute;n Importante:<\/span><\/p>\n<p><span style=\"font-size: 12pt;\">Para<strong> poder inscribirse nuevamente en M&oacute;dulos, deber&aacute; entregar la documentaci&oacute;n en soporte papel requerida en la Sede asignada<\/strong>,&nbsp;<em>antes de que culmine el cuatrimestre de \u00absu cursada\u00bb<\/em>. Si la documentaci&oacute;n no es presentada en tiempo y forma en la Sede, usted no podr&aacute; inscribirse en materias el pr&oacute;ximo cuatrimestre entre el <strong><span style=\"color: #ff0000;\">(fechas que se actualizar&aacute;n pr&oacute;ximamente)<\/span>,<\/strong>&nbsp;<strong>per&iacute;odo en que el instituto puede estar cerrado<\/strong>. Si no entreg&oacute; la documentaci&oacute;n, usted&nbsp;<strong>no posee la inscripci&oacute;n definitiva.<\/strong>&nbsp;Consulte los horarios de atenci&oacute;n de la Sede y comun&iacute;quese urgente con el\/la Coordinador\/a de Sede para cumplimentar este requisito obligatorio.<\/span><\/p>\n<p><span style=\"font-size: 12pt;\">Aquel que no pueda acercarse personalmente, sepa que puede enviar la documentaci&oacute;n a la sede por correo o encomienda,o por un tercero autorizado, previo acuerdo y comunicaci&oacute;n con el Coordinador de Sede.&nbsp;<\/span><\/p>\n<\/div>\n<\/blockquote>\n<div>\n<blockquote class=\"gmail_quote\">\n<div dir=\"ltr\">\n<p><strong>Saludos cordiales,<\/strong><\/p>\n<p><strong>Equipo de la Especializaci&oacute;n.<\/strong><\/p>\n<h1><span style=\"color: #ff0000; background-color: #ccffcc;\"><strong>IMPORTANTE:<\/strong><\/span><\/h1>\n<ul>\n<li>\n<h2><span style=\"color: #000080;\">&nbsp;Inscripciones a nuevas cohortes<\/span> (menos post&iacute;tulos tic) del 3 al 30 de junio DE 2015<\/h2>\n<\/li>\n<\/ul>\n<ul>\n<li>\n<h2>&nbsp;<span style=\"color: #ff6600;\">Inscripciones materias en los nuevos post&iacute;tulos para los que vienen cursando<\/span>: 15 al 30 de junio DE 2015<\/h2>\n<\/li>\n<\/ul>\n<ul>\n<li>\n<h2>&nbsp;<span style=\"color: #339966;\">Inscripciones materias para los que vienen cursando los post&iacute;tulos tic<\/span>: 20 de julio al 10 de agosto DE 2015<\/h2>\n<\/li>\n<\/ul>\n<p>&nbsp;<\/p>\n<\/div>\n<\/blockquote>\n<\/div>\n<\/div>\n<p style=\"text-align: center;\"><span style=\"font-family: arial black,avant garde; color: #993366; background-color: #ffcc99; font-size: 12pt;\">Para todos los interesados, pueden completar el siguiente formulario y hacer sus consultas all&iacute;;&nbsp; las mismas ser&aacute;n respondidas a su correo electr&oacute;nico&nbsp;<img decoding=\"async\" loading=\"lazy\" title=\"Arroba\" src=\"https:\/\/ensperu-cba.infd.edu.ar\/sitio\/wp-content\/uploads\/2018\/06\/arroba.gif\" border=\"0\" alt=\"Arroba\" width=\"85\" height=\"82\"> la brevedad.<\/span><\/p>\n<p><span style=\"font-family: arial black,avant garde; color: #ffffff; background-color: #eccc5a;\"><span style=\"font-family: arial black,avant garde; background-color: #eccc5a;\"><a title=\"Formulario de Contacto\" name=\"Formulario\" href=\"index.cgi?wid_form=1\"><\/a>&#65279;<\/span><\/span><\/p>\n<p style=\"text-align: right;\"><span style=\"font-family: arial black,avant garde; color: #000000; background-color: #ffffff;\"><span style=\"font-family: arial black,avant garde;\"><img decoding=\"async\" loading=\"lazy\" style=\"display: block; margin-left: auto; margin-right: auto;\" src=\"http:\/\/3.bp.blogspot.com\/-DOU_oB4PQbk\/UXdcoKqR8FI\/AAAAAAAACmY\/Qz9dUjxlauQ\/s72-c\/Gifs-animados-flechas-se%25C3%25B1alizadores%2520%252815%2529%255B2%255D.gif\" border=\"0\" width=\"72\" height=\"72\"><\/span><\/span><\/p>\n<h2 style=\"text-align: center;\"><span style=\"font-family: arial black,avant garde; color: #000000; background-color: #ffffff;\"><span style=\"font-family: arial black,avant garde;\"><a title=\" Secretar&iacute;a del Instituto-Coordinadora Pedag&oacute;gica Institucional de la Especializaci&oacute;n Superior\" href=\"index.cgi?wid_form=3\">Formulario de Consultas<\/a> <\/span><\/span><\/h2>\n<p>&nbsp;<\/p>\n<p style=\"text-align: right;\"><span style=\"background-color: #fb9cb3; font-size: 12pt; color: #ff0000;\"><strong><img decoding=\"async\" src=\"http:\/\/1.bp.blogspot.com\/-FZ10zZ268Yo\/TcwSxO2WAXI\/AAAAAAAAAPM\/X8DzGWE5qCk\/s1600\/Gracias.gif\" border=\"0\"><\/strong><\/span><\/p>\n<p><span style=\"font-family: arial black,avant garde; color: #ffffff; background-color: #eccc5a;\"><span style=\"font-family: arial black,avant garde; background-color: #eccc5a;\"><a title=\"Formulario de Contacto\" name=\"Formulario\" href=\"index.cgi?wid_form=1\"><\/a>&#65279;<span style=\"color: #000000;\">&#65279;<a title=\"Especializaci&oacute;n en Educaci&oacute;n y TIC\" name=\"Formulario\" href=\"index.cgi?wid_seccion=8\"><\/a>&#65279;<\/span><\/span><\/span><\/p>\n<\/h2>\n","protected":false},"excerpt":{"rendered":"<p>&nbsp; Pedido de Informaci&oacute;n &#8211; Consultas &nbsp; Coordinadora Pedag&oacute;gica Institucional de la Sede &nbsp;&nbsp;&nbsp;&nbsp;&nbsp;&nbsp;&nbsp;&nbsp;&nbsp;&nbsp;&nbsp; Coordinadora Pedag&oacute;gica Institucional: Cintia Rey &nbsp; Horarios de Atenci&oacute;n de la Secretar&iacute;a de la Sede &nbsp; D&iacute;as de la Semana Horarios Otros Horarios dentro de la Instituci&oacute;n Lunes De 8:00 a 12:30 hs. Desde 17 hasta las 22:35 hs. Martes &nbsp; &#8230; <a title=\"Secretar\u00eda de la Sede Especializaci\u00f3n en Educaci\u00f3n\/Post\u00edtulos Docentes\" class=\"read-more\" href=\"https:\/\/ensperu-cba.infd.edu.ar\/sitio\/secretaria-de-la-sede-especializacion-en-educacion-postitulos-docentes\/\" aria-label=\"More on Secretar\u00eda de la Sede Especializaci\u00f3n en Educaci\u00f3n\/Post\u00edtulos Docentes\">[+]<\/a><\/p>\n","protected":false},"author":488,"featured_media":0,"parent":0,"menu_order":0,"comment_status":"closed","ping_status":"closed","template":"","meta":[],"acf":[],"_links":{"self":[{"href":"https:\/\/ensperu-cba.infd.edu.ar\/sitio\/wp-json\/wp\/v2\/pages\/1220"}],"collection":[{"href":"https:\/\/ensperu-cba.infd.edu.ar\/sitio\/wp-json\/wp\/v2\/pages"}],"about":[{"href":"https:\/\/ensperu-cba.infd.edu.ar\/sitio\/wp-json\/wp\/v2\/types\/page"}],"author":[{"embeddable":true,"href":"https:\/\/ensperu-cba.infd.edu.ar\/sitio\/wp-json\/wp\/v2\/users\/488"}],"replies":[{"embeddable":true,"href":"https:\/\/ensperu-cba.infd.edu.ar\/sitio\/wp-json\/wp\/v2\/comments?post=1220"}],"version-history":[{"count":0,"href":"https:\/\/ensperu-cba.infd.edu.ar\/sitio\/wp-json\/wp\/v2\/pages\/1220\/revisions"}],"wp:attachment":[{"href":"https:\/\/ensperu-cba.infd.edu.ar\/sitio\/wp-json\/wp\/v2\/media?parent=1220"}],"curies":[{"name":"wp","href":"https:\/\/api.w.org\/{rel}","templated":true}]}}