{"id":1193,"date":"2018-06-29T19:46:58","date_gmt":"2018-06-29T22:46:58","guid":{"rendered":"https:\/\/ensperu-cba.infd.edu.ar\/sitio\/centro-de-estudiantes-de-la-escuela-secundaria\/"},"modified":"2019-07-06T16:48:49","modified_gmt":"2019-07-06T19:48:49","slug":"centro-de-estudiantes-de-la-escuela-secundaria","status":"publish","type":"page","link":"https:\/\/ensperu-cba.infd.edu.ar\/sitio\/centro-de-estudiantes-de-la-escuela-secundaria\/","title":{"rendered":"Centro de Estudiantes de la Escuela Secundaria"},"content":{"rendered":"<h1 style=\"text-align: center;\"><span style=\"color: #000080; background-color: #ff00ff;\">La Vida Institucional se \u00abVive\u00bb en el d\u00eda a d\u00eda, con cada uno de sus actores como Protagonistas de acciones muy diversas&#8230;<\/span><\/h1>\n<p style=\"text-align: center;\"><span style=\"color: #0000ff;\"><strong>ELECCIONES DEL CENTRO DE ESTUDIANTES 2019<\/strong><\/span><\/p>\n<p><span style=\"color: #000000;\">HACER CLICK EN EL SIGUIENTE LINK<\/span><\/p>\n<ul>\n<li><a href=\"https:\/\/youtu.be\/0dS0dWrBX2k\">https:\/\/youtu.be\/0dS0dWrBX2k<\/a><\/li>\n<\/ul>\n<p>&nbsp;<\/p>\n<p><span style=\"color: #000080; background-color: #ff00ff;\"><img decoding=\"async\" loading=\"lazy\" title=\"Ensayos de Murgas3\" src=\"https:\/\/ensperu-cba.infd.edu.ar\/sitio\/wp-content\/uploads\/2018\/06\/DSC06390.jpg\" alt=\"Ensayos de Murgas3\" width=\"421\" height=\"315\" border=\"0\" \/><\/span><\/p>\n<p>&nbsp;<\/p>\n<p class=\"Resaltado2\"><span style=\"font-size: 14pt;\">Ensayos de Murgas hace algunos a\u00f1os atr\u00e1s&#8230;<\/span><\/p>\n<p class=\"Resaltado2 Titulo1\" style=\"text-align: center;\"><span style=\"font-size: 14pt;\">A\u00f1o 2017<\/span><\/p>\n<p>&nbsp;<\/p>\n<div id=\"yui_3_16_0_ym19_1_1492622624338_6859\" class=\"body undoreset\">\n<div id=\"yui_3_16_0_ym19_1_1492622624338_6858\" class=\"email-wrapped\">\n<div id=\"yiv9173204243\">\n<div id=\"yui_3_16_0_ym19_1_1492622624338_6857\" dir=\"ltr\"><span style=\"font-size: 12pt; color: #0000ff;\"><strong>ELECCIONES DEL CENTRO DE ESTUDIANTES DE LA ESCUELA SECUNDARIA DE LA ESCUELA NORMAL SUPERIOR REP\u00daBLICA DEL PER\u00da<\/strong><\/span><\/div>\n<div dir=\"ltr\">\n<div id=\"yui_3_16_0_ym19_1_1492622624338_6898\">\u00a0 \u00a0 \u00a0 \u00a0<span style=\"font-size: 12pt;\"><strong> \u00a0 \u00a0 \u00a0 \u00a0La Direcci\u00f3n de la Escuela recuerda y\/o informa que entre los d\u00edas lunes 17\/04 y martes 18\/04 &#8211; campa\u00f1a electoral,<\/strong><\/span><\/div>\n<div id=\"yui_3_16_0_ym19_1_1492622624338_6893\">\n<ul>\n<li><strong><span style=\"font-size: 12pt; background-color: #cc99ff;\">\u00a0mi\u00e9rcoles 19\/04 CIERRE DE CAMPA\u00d1A.<\/span><\/strong><\/li>\n<li><strong><span style=\"font-size: 12pt; background-color: #cc99ff;\">jueves 20\/04 &#8211; veda electoral<\/span><\/strong><\/li>\n<li><strong><span style=\"font-size: 12pt; background-color: #cc99ff;\">viernes 21\/04 acto electoral.<\/span><\/strong><\/li>\n<\/ul>\n<\/div>\n<div id=\"yui_3_16_0_ym19_1_1492622624338_6870\"><span style=\"font-size: 12pt;\"><strong><span style=\"color: #0000ff;\">Se les solicita tener:<\/span><\/strong><\/span><\/div>\n<div id=\"yui_3_16_0_ym19_1_1492622624338_6856\"><span style=\"font-size: 12pt;\"><strong><span style=\"color: #0000ff;\">-flexibilidad por los estudiantes que est\u00e1n en campa\u00f1a.<\/span><\/strong><\/span><\/div>\n<div id=\"yui_3_16_0_ym19_1_1492622624338_6874\"><span style=\"font-size: 12pt;\"><strong><span style=\"color: #0000ff;\">&#8211; permitir participar (respetando las normas que a\u00f1o tras a\u00f1o se lleva a cabo)<\/span><\/strong><\/span><\/div>\n<div id=\"yui_3_16_0_ym19_1_1492622624338_6889\"><span style=\"font-size: 12pt;\"><strong><span style=\"color: #0000ff;\">&#8211; ser propulsores de participar en el acto electoral, desde una perspectiva profesional docente.<\/span><\/strong><\/span><\/div>\n<div><span style=\"font-size: 12pt;\"><strong><span style=\"color: #0000ff;\">Sabiendo de su compromiso y profesionalismo docente.\u00a0<\/span><\/strong><\/span><\/div>\n<div id=\"yui_3_16_0_ym19_1_1492622624338_6881\"><\/div>\n<div style=\"text-align: right;\"><span style=\"color: #0000ff;\"><strong><span style=\"font-size: 10pt;\">Saludo muy atte. <\/span><\/strong><\/span><\/div>\n<div style=\"text-align: right;\"><span style=\"color: #0000ff;\"><strong><span style=\"font-size: 10pt;\">El Director<\/span><\/strong><\/span><\/div>\n<div style=\"text-align: center;\"><span style=\"color: #ff00ff; font-size: 12pt; background-color: #c0c0c0;\"><strong>Campa\u00f1a Electoral en Im\u00e1genes<\/strong><\/span><\/div>\n<div style=\"text-align: center;\"><span style=\"color: #ff00ff; font-size: 12pt; background-color: #c0c0c0;\"><strong>\u00a0<img decoding=\"async\" loading=\"lazy\" title=\"En campa\u00f1a Electoral Estudiantil 18\/04\/2017 2\" src=\"https:\/\/ensperu-cba.infd.edu.ar\/sitio\/wp-content\/uploads\/2018\/06\/17972209_1394763790580612_8575444192708433001_ayer2.jpg\" alt=\"En campa\u00f1a Electoral Estudiantil 18\/04\/2017 2\" width=\"431\" height=\"259\" border=\"0\" \/>\u00a0<\/strong><\/span><\/div>\n<div style=\"text-align: center;\"><span style=\"color: #ff00ff; font-size: 12pt; background-color: #c0c0c0;\"><strong><img decoding=\"async\" loading=\"lazy\" title=\"En campa\u00f1a Electoral Estudiantil 18\/04\/2017 1\" src=\"https:\/\/ensperu-cba.infd.edu.ar\/sitio\/wp-content\/uploads\/2018\/06\/17880486_1394763783913946_1734100081539475102_ayer4.jpg\" alt=\"En campa\u00f1a Electoral Estudiantil 18\/04\/2017 1\" width=\"509\" height=\"305\" border=\"0\" \/><\/strong><\/span><\/div>\n<div style=\"text-align: center;\"><span style=\"color: #ff00ff; font-size: 12pt; background-color: #c0c0c0;\"><strong><img decoding=\"async\" loading=\"lazy\" title=\"En campa\u00f1a Electoral Estudiantil 18\/04\/2017 3\" src=\"https:\/\/ensperu-cba.infd.edu.ar\/sitio\/wp-content\/uploads\/2018\/06\/17990396_1394763787247279_7327243496292892818_ayer.jpg\" alt=\"En campa\u00f1a Electoral Estudiantil 18\/04\/2017 3\" width=\"501\" height=\"300\" border=\"0\" \/>\u00a0 \u00a0<\/strong><\/span><\/div>\n<p><img decoding=\"async\" loading=\"lazy\" title=\"En campa\u00f1a Electoral Estudiantil 18\/04\/2017\" src=\"https:\/\/ensperu-cba.infd.edu.ar\/sitio\/wp-content\/uploads\/2018\/06\/17884353_10212943330681010_8389141470598542419_ayer3.jpg\" alt=\"En campa\u00f1a Electoral Estudiantil 18\/04\/2017\" width=\"181\" height=\"329\" border=\"0\" \/>\u00a0<img decoding=\"async\" loading=\"lazy\" title=\"Cierre de Campa\u00f1a del Centro de Estudiantes 2017\" src=\"https:\/\/ensperu-cba.infd.edu.ar\/sitio\/wp-content\/uploads\/2018\/06\/IMG-20170419-WA00131.jpg\" alt=\"Cierre de Campa\u00f1a del Centro de Estudiantes 2017\" width=\"292\" height=\"164\" border=\"0\" \/><\/p>\n<\/div>\n<div dir=\"ltr\"><img decoding=\"async\" loading=\"lazy\" title=\"Cierre de Campa\u00f1a del Centro de Estudiantes 2017-2\" src=\"https:\/\/ensperu-cba.infd.edu.ar\/sitio\/wp-content\/uploads\/2018\/06\/IMG-20170419-WA00141.jpg\" alt=\"Cierre de Campa\u00f1a del Centro de Estudiantes 2017-2\" width=\"524\" height=\"293\" border=\"0\" \/><\/div>\n<div dir=\"ltr\" style=\"text-align: center;\"><span style=\"color: #0000ff; background-color: #ff6600;\"><strong><span style=\"font-size: 14pt;\">CIERRE DE CAMPA\u00d1A 19\/04\/2017<\/span><\/strong><\/span><\/div>\n<div dir=\"ltr\"><img decoding=\"async\" loading=\"lazy\" title=\"Cierre de Campa\u00f1a del Centro de Estudiantes 2017-5\" src=\"https:\/\/ensperu-cba.infd.edu.ar\/sitio\/wp-content\/uploads\/2018\/06\/IMG-20170419-WA00181.jpg\" alt=\"Cierre de Campa\u00f1a del Centro de Estudiantes 2017-5\" width=\"524\" height=\"295\" border=\"0\" \/><\/div>\n<div dir=\"ltr\"><img decoding=\"async\" loading=\"lazy\" title=\"Cierre de Campa\u00f1a del Centro de Estudiantes 2017-6\" src=\"https:\/\/ensperu-cba.infd.edu.ar\/sitio\/wp-content\/uploads\/2018\/06\/IMG-20170419-WA00191.jpg\" alt=\"Cierre de Campa\u00f1a del Centro de Estudiantes 2017-6\" width=\"499\" height=\"281\" border=\"0\" \/><\/div>\n<div dir=\"ltr\"><img decoding=\"async\" loading=\"lazy\" title=\"Cierre de Campa\u00f1a del Centro de Estudiantes 2017-8\" src=\"https:\/\/ensperu-cba.infd.edu.ar\/sitio\/wp-content\/uploads\/2018\/06\/IMG-20170419-WA00211.jpg\" alt=\"Cierre de Campa\u00f1a del Centro de Estudiantes 2017-8\" width=\"519\" height=\"292\" border=\"0\" \/><\/div>\n<div dir=\"ltr\"><img decoding=\"async\" loading=\"lazy\" title=\"Cierre de Campa\u00f1a del Centro de Estudiantes 2017-9\" src=\"https:\/\/ensperu-cba.infd.edu.ar\/sitio\/wp-content\/uploads\/2018\/06\/IMG-20170419-WA00221.jpg\" alt=\"Cierre de Campa\u00f1a del Centro de Estudiantes 2017-9\" width=\"524\" height=\"295\" border=\"0\" \/><\/div>\n<div dir=\"ltr\"><span style=\"color: #0000ff; background-color: #ff6600; font-size: 12pt;\"><strong>FELICITACIONES PARA TODA LA COMUNIDAD EDUCATIVA DE E.N.S.R.P, POR LA ORGANIZACI\u00d3N DE ESTAS ELECCIONES Y LA COLABORACI\u00d3N DEL CUERPO DOCENTE.<\/strong><\/span><\/div>\n<div dir=\"ltr\" style=\"text-align: right;\"><span style=\"color: #000000; background-color: #ffffff;\"><strong>MUCHAS GRACIAS<\/strong><\/span><\/div>\n<div dir=\"ltr\" style=\"text-align: right;\"><span style=\"color: #000000; background-color: #ffffff;\"><strong><img decoding=\"async\" title=\"Aplaudir emoticono\" src=\"https:\/\/ensperu-cba.infd.edu.ar\/sitio\/wp-content\/uploads\/2018\/06\/1aplaudir.gif\" alt=\"Aplaudir emoticono\" border=\"0\" \/><\/strong><\/span><\/div>\n<\/div>\n<\/div>\n<\/div>\n<p>&nbsp;<\/p>\n","protected":false},"excerpt":{"rendered":"<p>La Vida Institucional se \u00abVive\u00bb en el d\u00eda a d\u00eda, con cada uno de sus actores como Protagonistas de acciones muy diversas&#8230; ELECCIONES DEL CENTRO DE ESTUDIANTES 2019 HACER CLICK EN EL SIGUIENTE LINK https:\/\/youtu.be\/0dS0dWrBX2k &nbsp; &nbsp; Ensayos de Murgas hace algunos a\u00f1os atr\u00e1s&#8230; A\u00f1o 2017 &nbsp; ELECCIONES DEL CENTRO DE ESTUDIANTES DE LA ESCUELA &#8230; <a title=\"Centro de Estudiantes de la Escuela Secundaria\" class=\"read-more\" href=\"https:\/\/ensperu-cba.infd.edu.ar\/sitio\/centro-de-estudiantes-de-la-escuela-secundaria\/\" aria-label=\"More on Centro de Estudiantes de la Escuela Secundaria\">[+]<\/a><\/p>\n","protected":false},"author":488,"featured_media":0,"parent":0,"menu_order":0,"comment_status":"closed","ping_status":"closed","template":"","meta":[],"acf":[],"_links":{"self":[{"href":"https:\/\/ensperu-cba.infd.edu.ar\/sitio\/wp-json\/wp\/v2\/pages\/1193"}],"collection":[{"href":"https:\/\/ensperu-cba.infd.edu.ar\/sitio\/wp-json\/wp\/v2\/pages"}],"about":[{"href":"https:\/\/ensperu-cba.infd.edu.ar\/sitio\/wp-json\/wp\/v2\/types\/page"}],"author":[{"embeddable":true,"href":"https:\/\/ensperu-cba.infd.edu.ar\/sitio\/wp-json\/wp\/v2\/users\/488"}],"replies":[{"embeddable":true,"href":"https:\/\/ensperu-cba.infd.edu.ar\/sitio\/wp-json\/wp\/v2\/comments?post=1193"}],"version-history":[{"count":2,"href":"https:\/\/ensperu-cba.infd.edu.ar\/sitio\/wp-json\/wp\/v2\/pages\/1193\/revisions"}],"predecessor-version":[{"id":3407,"href":"https:\/\/ensperu-cba.infd.edu.ar\/sitio\/wp-json\/wp\/v2\/pages\/1193\/revisions\/3407"}],"wp:attachment":[{"href":"https:\/\/ensperu-cba.infd.edu.ar\/sitio\/wp-json\/wp\/v2\/media?parent=1193"}],"curies":[{"name":"wp","href":"https:\/\/api.w.org\/{rel}","templated":true}]}}