{"id":1179,"date":"2018-06-29T19:46:54","date_gmt":"2018-06-29T22:46:54","guid":{"rendered":"https:\/\/ensperu-cba.infd.edu.ar\/sitio\/historia\/"},"modified":"2020-06-04T19:04:51","modified_gmt":"2020-06-04T22:04:51","slug":"historia","status":"publish","type":"page","link":"https:\/\/ensperu-cba.infd.edu.ar\/sitio\/historia\/","title":{"rendered":"Historia"},"content":{"rendered":"<h1><strong><span style=\"color: #ff6600;\">Nuestra\u00a0<\/span><\/strong><span style=\"color: #ff6600;\">Historia<\/span><\/h1>\n<p><span style=\"font-family: Comic Sans MS, serif;\">En Argentina, en la segunda mitad del siglo XIX e inicios del siglo XX, el Estado, en el marco de su proceso de afianzamiento, selecciona y evoca acontecimientos y personajes de la historia con el objetivo de consolidar la identidad nacional de los ciudadanos. En el este contexto la escuela Normal ocupa un lugar central produciendo y reproduciendo pr\u00e1cticas educativas que se incorporan en el quehacer de la ciudadan\u00eda.<\/span><\/p>\n<p>Listado de hitos en la historia de la escuela:<\/p>\n<ul>\n<li><span style=\"font-family: Comic Sans MS, serif;\"><u>17\/05\/1918<\/u><\/span><span style=\"font-family: Comic Sans MS, serif;\">: Se crea en Cruz del Eje lo que se llamara la escuela Normal Superior Rep\u00fablica\u00a0del Per\u00fa de Cruz del Eje de Preceptores <\/span><span style=\"font-family: Comic Sans MS, serif;\"><b>Plan de estudios de dos a\u00f1os.<\/b><\/span><\/li>\n<li><span style=\"font-family: Comic Sans MS, serif;\"><u>10\/06\/1918<\/u><\/span><span style=\"font-family: Comic Sans MS, serif;\">: Se inician las clases.<\/span><\/li>\n<li><span style=\"font-family: Comic Sans MS, serif;\"><u>14\/10\/1918<\/u><\/span><span style=\"font-family: Comic Sans MS, serif;\">: Inauguraci\u00f3n Oficial; funcionando en la calle sarmiento 751 (ex Escuela ENET N\u00b0 1).<\/span><\/li>\n<li><span style=\"font-family: Comic Sans MS, serif;\"><u>1931<\/u><\/span><span style=\"font-family: Comic Sans MS, serif;\">: Cambia de Nombre por Escuela Vocacional de la Nacional, con <\/span><span style=\"font-family: Comic Sans MS, serif;\"><b>Modificaciones del Plan de estudios, <\/b><\/span><span style=\"font-family: Comic Sans MS, serif;\">agreg\u00e1ndose materias.<\/span><\/li>\n<li><span style=\"font-family: Comic Sans MS, serif;\"><u>1932:<\/u><\/span><span style=\"font-family: Comic Sans MS, serif;\"> Pasa a denominarse Escuela de Instrucci\u00f3n General e idoneidad Profesional.<\/span><\/li>\n<li><span style=\"font-family: Comic Sans MS, serif;\"><u>24\/02\/1933: <\/u><\/span><span style=\"font-family: Comic Sans MS, serif;\">Pasa a llamarse Escuela Normal de Adaptaci\u00f3n Regional <\/span><span style=\"font-family: Comic Sans MS, serif;\"><b>comenzando un nuevo plan de Estudios.<\/b><\/span><\/li>\n<li><span style=\"font-family: Comic Sans MS, serif;\"><u>1933: <\/u><\/span><span style=\"font-family: Comic Sans MS, serif;\">Amplia sus instalaciones hacia Sarmiento 1155, lugar que funciona actualmente.<\/span><\/li>\n<li><span style=\"font-family: Comic Sans MS, serif;\"><u>1935:<\/u><\/span><span style=\"font-family: Comic Sans MS, serif;\"> El Estado adquiere el terreno de sarmiento 1155.<\/span><\/li>\n<li><span style=\"font-family: Comic Sans MS, serif;\"><u>1936:<\/u><\/span><span style=\"font-family: Comic Sans MS, serif;\"> Egresa la Primera Promoci\u00f3n de Maestros Rurales.<\/span><\/li>\n<li><span style=\"font-family: Comic Sans MS, serif;\"><u>1942:<\/u><\/span><span style=\"font-family: Comic Sans MS, serif;\"> la Escuela vuelve a <\/span><span style=\"font-family: Comic Sans MS, serif;\"><b>cambiar su plan de Estudios: tres a\u00f1os ciclo y dos ciclo Magisterio <\/b><\/span><span style=\"font-family: Comic Sans MS, serif;\">y pasa a llamarse Escuelas de Maestros Normales Regionales.<\/span><\/li>\n<li><span style=\"font-family: Comic Sans MS, serif;\"><u>1948:<\/u><\/span><span style=\"font-family: Comic Sans MS, serif;\"> La Instituci\u00f3n cambia el nombre Escuela de Maestros Normales Regionales Eva Per\u00f3n inaugur\u00e1ndose el edificio actual construido en el 2\u00b0 Plan Quinquenal.<\/span><\/li>\n<li><span style=\"font-family: Comic Sans MS, serif;\"><u>1960: <\/u><\/span><span style=\"font-family: Comic Sans MS, serif;\">La Escuela vuelve a cambiar el nombre por escuela de Maestros Normales Regionales Rep\u00fablica del Per\u00fa.<\/span><\/li>\n<li><span style=\"font-family: Comic Sans MS, serif;\"><u>1961:<\/u><\/span><span style=\"font-family: Comic Sans MS, serif;\"> Se creo el departamento de Aplicaciones de la Escuela de Maestros Normales Regionales Rep\u00fablica del Per\u00fa.<\/span><\/li>\n<li><span style=\"font-family: Comic Sans MS, serif;\"><u>1964: <\/u><\/span><span style=\"font-family: Comic Sans MS, serif;\">La escuela diversifica la oferta acad\u00e9mica con:<\/span><\/li>\n<\/ul>\n<ol>\n<li><span style=\"font-family: Comic Sans MS, serif;\">Maestros Normal Nacional Regional<\/span><\/li>\n<li><span style=\"font-family: Comic Sans MS, serif;\">Bachiller Nacional<\/span><\/li>\n<li><span style=\"font-family: Comic Sans MS, serif;\">Prof. de Matem\u00e1tica, F\u00edsica y Cosmograf\u00eda <\/span><\/li>\n<li><span style=\"font-family: Comic Sans MS, serif;\">Prof. de Castellano, Literatura e Historia<\/span><\/li>\n<\/ol>\n<ul>\n<li><span style=\"font-family: Comic Sans MS, serif;\"><u>1965: <\/u><\/span><span style=\"font-family: Comic Sans MS, serif;\">La Escuela cambia su nombre \u201cEscuela Normal Superior Rep\u00fablica del Per\u00fa\u201d, de Cruz del Eje de Maestros Nacionales Regionales \u201cRep\u00fablica del Per\u00fa\u201d.<\/span><\/li>\n<li><span style=\"font-family: Comic Sans MS, serif;\"><u>1970: <\/u><\/span><span style=\"font-family: Comic Sans MS, serif;\">Creaci\u00f3n de Profesorados de Nivel Elemental y de Bachillerato com\u00fan y el Bachillerato F\u00edsico Matem\u00e1tico.<\/span><\/li>\n<li><span style=\"font-family: Comic Sans MS, serif;\"><u>1971: <\/u><\/span><span style=\"font-family: Comic Sans MS, serif;\">Pasa a llamarse \u201cProfesorado para la ense\u00f1anza primaria <\/span><span style=\"font-family: Comic Sans MS, serif;\"><b>de dos a\u00f1os de duraci\u00f3n <\/b><\/span><span style=\"font-family: Comic Sans MS, serif;\">llam\u00e1ndose \u201cEscuela Nacional Normal Superior de Profesores\u201d \u201cRep\u00fablica del Per\u00fa\u201d.<\/span><\/li>\n<li><span style=\"font-family: Comic Sans MS, serif;\"><u>1978: <\/u><\/span><span style=\"font-family: Comic Sans MS, serif;\">Se crea el nivel inicial de la Escuela Normal Superior. \u201cRep\u00fablica del Per\u00fa\u201d de Cruz del Eje con dos salas de cinco a\u00f1os.<\/span><\/li>\n<li><span style=\"font-family: Comic Sans MS, serif;\"><u>12\/05\/1989: <\/u><\/span><span style=\"font-family: Comic Sans MS, serif;\">Se dividen los profesorados de cuatro a\u00f1os Profesorado de Matem\u00e1tica, F\u00edsica, Cosmograf\u00eda y Profesorado de Lengua y Literatura dando lugar al Instituto Nacional Educaci\u00f3n Superior.<\/span><\/li>\n<li><span style=\"font-family: Comic Sans MS, serif;\"><u>1989: <\/u><\/span><span style=\"font-family: Comic Sans MS, serif;\">Cambia por Escuela Normal Superior \u201cRep\u00fablica del Per\u00fa\u201d de Cruz del Eje Nacional Superior. \u201cRep\u00fablica del Per\u00fa\u201d.<\/span><\/li>\n<li><span style=\"font-family: Comic Sans MS, serif;\"><u>1992: <\/u><\/span><span style=\"font-family: Comic Sans MS, serif;\">Se crea el profesorado de Ense\u00f1anza Pre Escolar de dos a\u00f1os de duraci\u00f3n.<\/span><\/li>\n<li><span style=\"font-family: Comic Sans MS, serif;\"><u>1995: <\/u><\/span><span style=\"font-family: Comic Sans MS, serif;\">La Escuela paso de la Nacional a la Provincia por lo que se llamo Escuela Normal Superior \u201cRep\u00fablica del Per\u00fa\u201d.<\/span><\/li>\n<li><span style=\"font-family: Comic Sans MS, serif;\"><u>1991: <\/u><\/span><span style=\"font-family: Comic Sans MS, serif;\">Los Profesorados\u00a0<\/span><span style=\"font-family: Comic Sans MS, serif;\"><b>cambian su duraci\u00f3n a tres a\u00f1os <\/b><\/span><span style=\"font-family: Comic Sans MS, serif;\">y cambian su denominaci\u00f3n Profesorado de 1\u00b0 y 2\u00b0 ciclo de la EGB y profesorado de Educaci\u00f3n Inicial.<\/span><\/li>\n<li><span style=\"font-family: Comic Sans MS, serif;\"><u>2006: <\/u><\/span><span style=\"font-family: Comic Sans MS, serif;\">Se cre\u00f3 el profesorado EGB 3 y Polimodal en Qu\u00edmica.<\/span><\/li>\n<li><span style=\"font-family: Comic Sans MS, serif;\"><u>2009: <\/u><\/span><span style=\"font-family: Comic Sans MS, serif;\">La formaci\u00f3n de Maestros <\/span><span style=\"font-family: Comic Sans MS, serif;\"><b>cambia de duraci\u00f3n a cuatro a\u00f1os <\/b><\/span><span style=\"font-family: Comic Sans MS, serif;\">denomin\u00e1ndose Profesorado de Educaci\u00f3n<\/span><b> <\/b><span style=\"font-family: Comic Sans MS, serif;\">Inicial y Profesorado de Educaci\u00f3n Primaria.<\/span><\/li>\n<li><span style=\"font-family: Comic Sans MS, serif;\"><u>2009: <\/u><\/span><span style=\"font-family: Comic Sans MS, serif;\">Se crea la Especializaci\u00f3n Docente Superior en Educaci\u00f3n Rural para el Nivel Primario. <\/span><\/li>\n<li><span style=\"font-family: Comic Sans MS, serif;\"><u>2010: <\/u><\/span><span style=\"font-family: Comic Sans MS, serif;\">Se anexa el CBU Rural \u201cEl Chacho\u201d.<\/span><\/li>\n<li><span style=\"font-family: Comic Sans MS, serif;\"><u>2011: <\/u><\/span><span style=\"font-family: Comic Sans MS, serif;\">Se recibe la primera promoci\u00f3n de la Argentina de maestros especializados en Educaci\u00f3n Rural para el Nivel Primario.<\/span><\/li>\n<\/ul>\n<p>El documento de texto ajunto (Historia_E.N.S.-1.docx) completa la rese\u00f1a hist\u00f3rica de la escuela:<\/p>\n<p><img decoding=\"async\" loading=\"lazy\" style=\"float: right;\" title=\"Hombre con Lupa\" src=\"https:\/\/ensperu-cba.infd.edu.ar\/sitio\/wp-content\/uploads\/2018\/06\/Hombre-con-Lupa.jpg\" alt=\"Hombre con Lupa\" width=\"128\" height=\"100\" border=\"0\" \/><\/p>\n<p>&nbsp;<\/p>\n<p style=\"text-align: right;\"><a class=\"LinkModi\" href=\"https:\/\/ensperu-cba.infd.edu.ar\/aula\/archivos\/repositorio\/\/0\/123\/Historia_E.N.S.-1.docx\" target=\"_NEW\"><strong>Historia_E.N.S.-1.docx<\/strong><\/a><\/p>\n<p>&nbsp;<\/p>\n<h1><strong><span style=\"color: #ff6600;\">Bicentenario<\/span><\/strong><\/h1>\n<p><span style=\"font-family: verdana; font-size: small;\">\u00a0Con motivo de los <a href=\"https:\/\/ensperu-cba.infd.edu.ar\/sitio\/festejos-del-centenario\/\">festejos de los cien a\u00f1os<\/a> de la escuela se realizaron eventos culturales, el tradicional desfile y la presentaci\u00f3n del himno de la Escuela Normal.<\/span><\/p>\n","protected":false},"excerpt":{"rendered":"<p>Nuestra\u00a0Historia En Argentina, en la segunda mitad del siglo XIX e inicios del siglo XX, el Estado, en el marco de su proceso de afianzamiento, selecciona y evoca acontecimientos y personajes de la historia con el objetivo de consolidar la identidad nacional de los ciudadanos. En el este contexto la escuela Normal ocupa un lugar &#8230; <a title=\"Historia\" class=\"read-more\" href=\"https:\/\/ensperu-cba.infd.edu.ar\/sitio\/historia\/\" aria-label=\"More on Historia\">[+]<\/a><\/p>\n","protected":false},"author":488,"featured_media":0,"parent":0,"menu_order":0,"comment_status":"closed","ping_status":"closed","template":"","meta":[],"acf":[],"_links":{"self":[{"href":"https:\/\/ensperu-cba.infd.edu.ar\/sitio\/wp-json\/wp\/v2\/pages\/1179"}],"collection":[{"href":"https:\/\/ensperu-cba.infd.edu.ar\/sitio\/wp-json\/wp\/v2\/pages"}],"about":[{"href":"https:\/\/ensperu-cba.infd.edu.ar\/sitio\/wp-json\/wp\/v2\/types\/page"}],"author":[{"embeddable":true,"href":"https:\/\/ensperu-cba.infd.edu.ar\/sitio\/wp-json\/wp\/v2\/users\/488"}],"replies":[{"embeddable":true,"href":"https:\/\/ensperu-cba.infd.edu.ar\/sitio\/wp-json\/wp\/v2\/comments?post=1179"}],"version-history":[{"count":3,"href":"https:\/\/ensperu-cba.infd.edu.ar\/sitio\/wp-json\/wp\/v2\/pages\/1179\/revisions"}],"predecessor-version":[{"id":5184,"href":"https:\/\/ensperu-cba.infd.edu.ar\/sitio\/wp-json\/wp\/v2\/pages\/1179\/revisions\/5184"}],"wp:attachment":[{"href":"https:\/\/ensperu-cba.infd.edu.ar\/sitio\/wp-json\/wp\/v2\/media?parent=1179"}],"curies":[{"name":"wp","href":"https:\/\/api.w.org\/{rel}","templated":true}]}}