{"id":1177,"date":"2018-06-29T19:46:53","date_gmt":"2018-06-29T22:46:53","guid":{"rendered":"https:\/\/ensperu-cba.infd.edu.ar\/sitio\/estructura-institucional\/"},"modified":"2020-06-19T01:05:08","modified_gmt":"2020-06-19T04:05:08","slug":"estructura-institucional","status":"publish","type":"page","link":"https:\/\/ensperu-cba.infd.edu.ar\/sitio\/estructura-institucional\/","title":{"rendered":"Estructura Institucional"},"content":{"rendered":"<h4 style=\"text-align: center;\">Autoridades de la Instituci\u00f3n<\/h4>\n<h5>Nivel Terciario: I.S.F.D.<\/h5>\n<ul>\n<li>Director: Daniel Ag\u00fcero<\/li>\n<li>Vicedirector: Daniel Alberto Tornato<\/li>\n<li>Regente:\u00a0\u00a0Carolina Carrillo<\/li>\n<li>Secretaria: Cecilia Fern\u00e1ndez<\/li>\n<li>Prosecretaria: M\u00f3nica Gonz\u00e1lez<\/li>\n<\/ul>\n<h5>Nivel Medio:<\/h5>\n<ul>\n<li>Director: Daniel Ag\u00fcero<\/li>\n<li>Vicedirectora: Rosana L\u00edcari<\/li>\n<li>Prosecretaria:\u00a0Anal\u00eda V\u00e9lez<\/li>\n<li>Coordinador de Curso: Paola Vanegas &#8211; M\u00f3nica Z\u00e1rate<\/li>\n<\/ul>\n<h5>Nivel Primario:<\/h5>\n<ul>\n<li>Director: Daniel Ag\u00fcero<\/li>\n<li>Regente: Laura Le\u00f3n<\/li>\n<li>Subregente: Beatriz Castillo<\/li>\n<\/ul>\n<h5>Nivel Inicial:<\/h5>\n<ul>\n<li>Directora: Laura Echevarr\u00eda<strong><span style=\"font-family: Arial; color: #cc6600; font-size: 12pt;\"><br \/>\n<\/span><\/strong><\/li>\n<\/ul>\n<p>&nbsp;<\/p>\n<p><a title=\"Organigrama Institucional\" href=\"upload\/img\/Organigrama_Institucional.jpg\" name=\"Organigrama\"><img decoding=\"async\" loading=\"lazy\" class=\"aligncenter\" style=\"background-repeat: repeat; border: 0px none -moz-use-text-color;\" title=\"Organigrama Institucional\" src=\"https:\/\/ensperu-cba.infd.edu.ar\/sitio\/wp-content\/uploads\/2018\/06\/Organigrama_Institucional.jpg\" alt=\"Organigrama Institucional\" width=\"634\" height=\"493\" border=\"0\" \/><\/a><\/p>\n<p>&nbsp;<\/p>\n<p>&nbsp;<\/p>\n<p>&nbsp;<\/p>\n","protected":false},"excerpt":{"rendered":"<p>Autoridades de la Instituci\u00f3n Nivel Terciario: I.S.F.D. Director: Daniel Ag\u00fcero Vicedirector: Daniel Alberto Tornato Regente:\u00a0\u00a0Carolina Carrillo Secretaria: Cecilia Fern\u00e1ndez Prosecretaria: M\u00f3nica Gonz\u00e1lez Nivel Medio: Director: Daniel Ag\u00fcero Vicedirectora: Rosana L\u00edcari Prosecretaria:\u00a0Anal\u00eda V\u00e9lez Coordinador de Curso: Paola Vanegas &#8211; M\u00f3nica Z\u00e1rate Nivel Primario: Director: Daniel Ag\u00fcero Regente: Laura Le\u00f3n Subregente: Beatriz Castillo Nivel Inicial: Directora: Laura &#8230; <a title=\"Estructura Institucional\" class=\"read-more\" href=\"https:\/\/ensperu-cba.infd.edu.ar\/sitio\/estructura-institucional\/\" aria-label=\"More on Estructura Institucional\">[+]<\/a><\/p>\n","protected":false},"author":488,"featured_media":0,"parent":0,"menu_order":0,"comment_status":"closed","ping_status":"closed","template":"","meta":[],"acf":[],"_links":{"self":[{"href":"https:\/\/ensperu-cba.infd.edu.ar\/sitio\/wp-json\/wp\/v2\/pages\/1177"}],"collection":[{"href":"https:\/\/ensperu-cba.infd.edu.ar\/sitio\/wp-json\/wp\/v2\/pages"}],"about":[{"href":"https:\/\/ensperu-cba.infd.edu.ar\/sitio\/wp-json\/wp\/v2\/types\/page"}],"author":[{"embeddable":true,"href":"https:\/\/ensperu-cba.infd.edu.ar\/sitio\/wp-json\/wp\/v2\/users\/488"}],"replies":[{"embeddable":true,"href":"https:\/\/ensperu-cba.infd.edu.ar\/sitio\/wp-json\/wp\/v2\/comments?post=1177"}],"version-history":[{"count":7,"href":"https:\/\/ensperu-cba.infd.edu.ar\/sitio\/wp-json\/wp\/v2\/pages\/1177\/revisions"}],"predecessor-version":[{"id":5191,"href":"https:\/\/ensperu-cba.infd.edu.ar\/sitio\/wp-json\/wp\/v2\/pages\/1177\/revisions\/5191"}],"wp:attachment":[{"href":"https:\/\/ensperu-cba.infd.edu.ar\/sitio\/wp-json\/wp\/v2\/media?parent=1177"}],"curies":[{"name":"wp","href":"https:\/\/api.w.org\/{rel}","templated":true}]}}