{"id":1166,"date":"2018-06-29T19:46:49","date_gmt":"2018-06-29T22:46:49","guid":{"rendered":"https:\/\/ensperu-cba.infd.edu.ar\/sitio\/inscripciones\/"},"modified":"2020-12-04T09:36:16","modified_gmt":"2020-12-04T12:36:16","slug":"inscripciones","status":"publish","type":"page","link":"https:\/\/ensperu-cba.infd.edu.ar\/sitio\/inscripciones\/","title":{"rendered":"Inscripciones 2021"},"content":{"rendered":"<h2>Inscripciones para Carreras de Nivel Terciario 2021<\/h2>\n<p>La Inscripci\u00f3n a carreras se realiza a partir del 9 de diciembre de 2020 mediante el <a href=\"https:\/\/www.cba.gov.ar\/gestion-estudiantes\/\" target=\"_blank\" rel=\"noopener\">Sistema de Gesti\u00f3n de Estudiantes<\/a>. All\u00ed debe hacer click en el bot\u00f3n \u00ab<a href=\"http:\/\/gestionestudiantes.cba.gov.ar\/NoUsuario\/ConsultaSuperior.aspx\" target=\"_blank\" rel=\"noopener\">Prematr\u00edcula &#8211; Nivel Superior<\/a>\u00bb para que el sistema le indique c\u00f3mo continuar el tr\u00e1mite.\u00a0El c\u00f3digo de La Instituci\u00f3n Escuela Normal Superior Rep\u00fablica del Per\u00fa es\u00a0<strong>EE0330337<\/strong><\/p>\n<p>Toda la documentaci\u00f3n requerida para la inscripci\u00f3n se enviar\u00e1 por correo electr\u00f3nico como archivos adjuntos en formato PDF a la casilla postal electr\u00f3nica\u00a0<a href=\"mailto:superiorrepublicadelperu@gmail.com\">superiorrepublicadelperu@gmail.com<\/a><\/p>\n<p>Documentaci\u00f3n Requerida (PDF):<\/p>\n<ul>\n<li>DNI<\/li>\n<li>Partida de Nacimiento<\/li>\n<li>T\u00edtulo de Secundario \/ Constancia de T\u00edtulo en Tr\u00e1mite \/ Constancia de Alumno Regular 2020 de Sexto y S\u00e9ptimo A\u00f1o.<\/li>\n<\/ul>\n<p>&nbsp;<\/p>\n","protected":false},"excerpt":{"rendered":"<p>Inscripciones para Carreras de Nivel Terciario 2021 La Inscripci\u00f3n a carreras se realiza a partir del 9 de diciembre de 2020 mediante el Sistema de Gesti\u00f3n de Estudiantes. All\u00ed debe hacer click en el bot\u00f3n \u00abPrematr\u00edcula &#8211; Nivel Superior\u00bb para que el sistema le indique c\u00f3mo continuar el tr\u00e1mite.\u00a0El c\u00f3digo de La Instituci\u00f3n Escuela Normal &#8230; <a title=\"Inscripciones 2021\" class=\"read-more\" href=\"https:\/\/ensperu-cba.infd.edu.ar\/sitio\/inscripciones\/\" aria-label=\"More on Inscripciones 2021\">[+]<\/a><\/p>\n","protected":false},"author":488,"featured_media":0,"parent":0,"menu_order":0,"comment_status":"closed","ping_status":"closed","template":"","meta":[],"acf":[],"_links":{"self":[{"href":"https:\/\/ensperu-cba.infd.edu.ar\/sitio\/wp-json\/wp\/v2\/pages\/1166"}],"collection":[{"href":"https:\/\/ensperu-cba.infd.edu.ar\/sitio\/wp-json\/wp\/v2\/pages"}],"about":[{"href":"https:\/\/ensperu-cba.infd.edu.ar\/sitio\/wp-json\/wp\/v2\/types\/page"}],"author":[{"embeddable":true,"href":"https:\/\/ensperu-cba.infd.edu.ar\/sitio\/wp-json\/wp\/v2\/users\/488"}],"replies":[{"embeddable":true,"href":"https:\/\/ensperu-cba.infd.edu.ar\/sitio\/wp-json\/wp\/v2\/comments?post=1166"}],"version-history":[{"count":12,"href":"https:\/\/ensperu-cba.infd.edu.ar\/sitio\/wp-json\/wp\/v2\/pages\/1166\/revisions"}],"predecessor-version":[{"id":5214,"href":"https:\/\/ensperu-cba.infd.edu.ar\/sitio\/wp-json\/wp\/v2\/pages\/1166\/revisions\/5214"}],"wp:attachment":[{"href":"https:\/\/ensperu-cba.infd.edu.ar\/sitio\/wp-json\/wp\/v2\/media?parent=1166"}],"curies":[{"name":"wp","href":"https:\/\/api.w.org\/{rel}","templated":true}]}}